{"id":315245,"date":"2024-05-25T08:16:03","date_gmt":"2024-05-25T06:16:03","guid":{"rendered":"https:\/\/www.salzburgerheimatwerk.at\/produkt\/sommerkleid\/"},"modified":"2026-04-28T20:25:09","modified_gmt":"2026-04-28T18:25:09","slug":"sommerkleid","status":"publish","type":"product","link":"https:\/\/www.salzburgerheimatwerk.at\/en\/produkt\/sommerkleid\/","title":{"rendered":"Sommerkleid"},"content":{"rendered":"<p>Dieses Blusenkleid ist als modern interpretiertes Pfoad zum Schl\u00fcpfen geschnitten. Die Passform ist sehr ansprechend \u2013  Das Kleid hat seitlich Taschen, die unauff\u00e4llig in die Naht eingearbeitet sind. Dazu passen kann jeder G\u00fcrtel getragen werden wie z.B. bei uns ein moderner Kordelg\u00fcrtel &#8211; diesen k\u00f6nnen Sie separat bei uns erwerben.<\/p>\n","protected":false},"excerpt":{"rendered":"<p>Dieses Blusenkleid ist als modern interpretiertes Pfoad zum Schl\u00fcpfen geschnitten. Die Passform ist sehr ansprechend \u2013  Das Kleid hat seitlich Taschen, die unauff\u00e4llig&#8230;<\/p>\n","protected":false},"featured_media":325638,"template":"","meta":{"_acf_changed":false},"product_brand":[],"product_cat":[48,49],"product_tag":[1246],"class_list":{"0":"post-315245","1":"product","2":"type-product","3":"status-publish","4":"has-post-thumbnail","6":"pricegroup-298","7":"pricegroup-202","8":"productgroup-299","9":"productgroup-204","10":"product_cat-damentracht","11":"product_cat-dirndl-kleider","12":"product_tag-kleid","13":"pa_farbe-blau","15":"first","16":"instock","17":"taxable","18":"shipping-taxable","19":"purchasable","20":"product-type-variable","21":"has-default-attributes"},"acf":[],"jetpack_sharing_enabled":true,"_links":{"self":[{"href":"https:\/\/www.salzburgerheimatwerk.at\/en\/wp-json\/wp\/v2\/product\/315245","targetHints":{"allow":["GET"]}}],"collection":[{"href":"https:\/\/www.salzburgerheimatwerk.at\/en\/wp-json\/wp\/v2\/product"}],"about":[{"href":"https:\/\/www.salzburgerheimatwerk.at\/en\/wp-json\/wp\/v2\/types\/product"}],"wp:featuredmedia":[{"embeddable":true,"href":"https:\/\/www.salzburgerheimatwerk.at\/en\/wp-json\/wp\/v2\/media\/325638"}],"wp:attachment":[{"href":"https:\/\/www.salzburgerheimatwerk.at\/en\/wp-json\/wp\/v2\/media?parent=315245"}],"wp:term":[{"taxonomy":"product_brand","embeddable":true,"href":"https:\/\/www.salzburgerheimatwerk.at\/en\/wp-json\/wp\/v2\/product_brand?post=315245"},{"taxonomy":"product_cat","embeddable":true,"href":"https:\/\/www.salzburgerheimatwerk.at\/en\/wp-json\/wp\/v2\/product_cat?post=315245"},{"taxonomy":"product_tag","embeddable":true,"href":"https:\/\/www.salzburgerheimatwerk.at\/en\/wp-json\/wp\/v2\/product_tag?post=315245"}],"curies":[{"name":"wp","href":"https:\/\/api.w.org\/{rel}","templated":true}]}}