{"id":315261,"date":"2024-05-25T08:16:12","date_gmt":"2024-05-25T06:16:12","guid":{"rendered":"https:\/\/www.salzburgerheimatwerk.at\/produkt\/gehrock-aus-leinen\/"},"modified":"2026-04-28T18:25:12","modified_gmt":"2026-04-28T16:25:12","slug":"gehrock-aus-leinen","status":"publish","type":"product","link":"https:\/\/www.salzburgerheimatwerk.at\/en\/produkt\/gehrock-aus-leinen\/","title":{"rendered":"Gehrock aus Leinen"},"content":{"rendered":"<p>sommerlicher Leinenblaser<br \/>\nBlaser aus reinem Leinen mit Stehkragen und Pattentaschen. Der Kragen, die vordere Kante und die Taschen sind farblich mit einem hellrosa Leinen abgesetzt. Die L\u00e4nge ist ca. 70cm &#8211; in der R\u00fcckenmitte, Stehkragen, \u00c4rmelabschlu\u00df und Taschenpassepoile werden mit uni gr\u00fcnem Leinen hervor gehoben. F\u00fcr die optimale Passform ist die Jacke komplett gef\u00fcttert.<\/p>\n","protected":false},"excerpt":{"rendered":"<p>sommerlicher Leinenblaser Blaser aus reinem Leinen mit Stehkragen und Pattentaschen. Der Kragen, die vordere Kante und die Taschen sind farblich mit einem hellrosa Leinen&#8230;<\/p>\n","protected":false},"featured_media":325688,"template":"","meta":{"_acf_changed":false},"product_brand":[],"product_cat":[304,1098,48],"product_tag":[309],"class_list":{"0":"post-315261","1":"product","2":"type-product","3":"status-publish","4":"has-post-thumbnail","6":"pricegroup-302","7":"pricegroup-202","8":"productgroup-303","9":"productgroup-204","10":"product_cat-jacken-maentel-damentracht","11":"product_cat-blazer","12":"product_cat-damentracht","13":"product_tag-damenjacke","14":"pa_farbe-gruen","16":"first","17":"instock","18":"taxable","19":"shipping-taxable","20":"purchasable","21":"product-type-variable","22":"has-default-attributes"},"acf":[],"jetpack_sharing_enabled":true,"_links":{"self":[{"href":"https:\/\/www.salzburgerheimatwerk.at\/en\/wp-json\/wp\/v2\/product\/315261","targetHints":{"allow":["GET"]}}],"collection":[{"href":"https:\/\/www.salzburgerheimatwerk.at\/en\/wp-json\/wp\/v2\/product"}],"about":[{"href":"https:\/\/www.salzburgerheimatwerk.at\/en\/wp-json\/wp\/v2\/types\/product"}],"wp:featuredmedia":[{"embeddable":true,"href":"https:\/\/www.salzburgerheimatwerk.at\/en\/wp-json\/wp\/v2\/media\/325688"}],"wp:attachment":[{"href":"https:\/\/www.salzburgerheimatwerk.at\/en\/wp-json\/wp\/v2\/media?parent=315261"}],"wp:term":[{"taxonomy":"product_brand","embeddable":true,"href":"https:\/\/www.salzburgerheimatwerk.at\/en\/wp-json\/wp\/v2\/product_brand?post=315261"},{"taxonomy":"product_cat","embeddable":true,"href":"https:\/\/www.salzburgerheimatwerk.at\/en\/wp-json\/wp\/v2\/product_cat?post=315261"},{"taxonomy":"product_tag","embeddable":true,"href":"https:\/\/www.salzburgerheimatwerk.at\/en\/wp-json\/wp\/v2\/product_tag?post=315261"}],"curies":[{"name":"wp","href":"https:\/\/api.w.org\/{rel}","templated":true}]}}