{"id":315274,"date":"2024-05-25T08:16:20","date_gmt":"2024-05-25T06:16:20","guid":{"rendered":"https:\/\/www.salzburgerheimatwerk.at\/produkt\/damenrock-handdruck\/"},"modified":"2026-04-28T18:25:13","modified_gmt":"2026-04-28T16:25:13","slug":"damenrock-handdruck","status":"publish","type":"product","link":"https:\/\/www.salzburgerheimatwerk.at\/en\/produkt\/damenrock-handdruck\/","title":{"rendered":"Damenrock Handdruck"},"content":{"rendered":"<p>Luftiger Sommerrock aus bedruckter Baumwolle<br \/>\nDie Baumwolle ist in Modeldruck-Optik bedruckt und wirkt sehr lebendig. Der Rock ist ca. 80cm-85cm lang und in Falten gelegt. Die Falten sind vom Bund bis zur H\u00fcfte abgesteppt und machen damit eine schmale Taille die Sillouette wird dadruch verst\u00e4rkt, da\u00df die Falten auf der Seite ausgespart sind. Erg\u00e4nzt wird der Rock durch eine Binde-Sch\u00e4rpe im gleichen Dessin.<\/p>\n","protected":false},"excerpt":{"rendered":"<p>Luftiger Sommerrock aus bedruckter Baumwolle Die Baumwolle ist in Modeldruck-Optik bedruckt und wirkt sehr lebendig. Der Rock ist ca. 80cm-85cm lang und in Falten&#8230;<\/p>\n","protected":false},"featured_media":343651,"template":"","meta":{"_acf_changed":false},"product_brand":[],"product_cat":[48,50],"product_tag":[1922],"class_list":{"0":"post-315274","1":"product","2":"type-product","3":"status-publish","4":"has-post-thumbnail","6":"pricegroup-202","7":"pricegroup-289","8":"productgroup-204","9":"productgroup-290","10":"product_cat-damentracht","11":"product_cat-roecke-hosen","12":"product_tag-damenrock","13":"pa_farbe-mehrfarbig","14":"pa_farbe-blau","16":"first","17":"instock","18":"taxable","19":"shipping-taxable","20":"purchasable","21":"product-type-variable","22":"has-default-attributes"},"acf":[],"jetpack_sharing_enabled":true,"_links":{"self":[{"href":"https:\/\/www.salzburgerheimatwerk.at\/en\/wp-json\/wp\/v2\/product\/315274","targetHints":{"allow":["GET"]}}],"collection":[{"href":"https:\/\/www.salzburgerheimatwerk.at\/en\/wp-json\/wp\/v2\/product"}],"about":[{"href":"https:\/\/www.salzburgerheimatwerk.at\/en\/wp-json\/wp\/v2\/types\/product"}],"wp:featuredmedia":[{"embeddable":true,"href":"https:\/\/www.salzburgerheimatwerk.at\/en\/wp-json\/wp\/v2\/media\/343651"}],"wp:attachment":[{"href":"https:\/\/www.salzburgerheimatwerk.at\/en\/wp-json\/wp\/v2\/media?parent=315274"}],"wp:term":[{"taxonomy":"product_brand","embeddable":true,"href":"https:\/\/www.salzburgerheimatwerk.at\/en\/wp-json\/wp\/v2\/product_brand?post=315274"},{"taxonomy":"product_cat","embeddable":true,"href":"https:\/\/www.salzburgerheimatwerk.at\/en\/wp-json\/wp\/v2\/product_cat?post=315274"},{"taxonomy":"product_tag","embeddable":true,"href":"https:\/\/www.salzburgerheimatwerk.at\/en\/wp-json\/wp\/v2\/product_tag?post=315274"}],"curies":[{"name":"wp","href":"https:\/\/api.w.org\/{rel}","templated":true}]}}