{"id":315296,"date":"2024-05-25T08:16:40","date_gmt":"2024-05-25T06:16:40","guid":{"rendered":"https:\/\/www.salzburgerheimatwerk.at\/produkt\/damen-stretchkleid-handdruck\/"},"modified":"2026-04-28T18:25:13","modified_gmt":"2026-04-28T16:25:13","slug":"damen-stretchkleid-handdruck","status":"publish","type":"product","link":"https:\/\/www.salzburgerheimatwerk.at\/en\/produkt\/damen-stretchkleid-handdruck\/","title":{"rendered":"Damen Stretchkleid Handdruck"},"content":{"rendered":"<p>Sommerlicher Klassiker<br \/>\nHemdblusenkleid mit 3\/4 Arm und Stehkragen aus reiner Baumwolle. Die durchgehende Knopfleiste erm\u00f6glicht Bewegungsfreiheit. Der Rock ist in Falten gelegt und angesetzt. Erg\u00e4nzt wird das Kleid durch einen Bindeg\u00fcrtel aus dem gleichen Dessin. Das Kleid ist fast Kn\u00f6chellang.<br \/>\nDie Designs von Theresa Sch\u00f6ffel stehen f\u00fcr nat\u00fcrliche Kreativit\u00e4t und pure, bunte Lebensfreude. Jedes gefertigte Kleidungsst\u00fcck ist ein wahres Unikat. Egal ob am Strand, in der Stadt oder auf dem Land, mit Theresa Sch\u00f6ffel Designs wirst Du \u00fcberall zum Hingucker.<\/p>\n","protected":false},"excerpt":{"rendered":"<p>Sommerlicher Klassiker Hemdblusenkleid mit 3\/4 Arm und Stehkragen aus reiner Baumwolle. Die durchgehende Knopfleiste erm\u00f6glicht Bewegungsfreiheit. Der Rock ist in Falten gelegt und angesetzt&#8230;.<\/p>\n","protected":false},"featured_media":343660,"template":"","meta":{"_acf_changed":false},"product_brand":[],"product_cat":[48,49],"product_tag":[1589],"class_list":{"0":"post-315296","1":"product","2":"type-product","3":"status-publish","4":"has-post-thumbnail","6":"pricegroup-202","7":"pricegroup-298","8":"productgroup-204","9":"productgroup-299","10":"product_cat-damentracht","11":"product_cat-dirndl-kleider","12":"product_tag-damenkleid","13":"pa_farbe-mehrfarbig","14":"pa_farbe-blau","16":"first","17":"instock","18":"taxable","19":"shipping-taxable","20":"purchasable","21":"product-type-variable","22":"has-default-attributes"},"acf":[],"jetpack_sharing_enabled":true,"_links":{"self":[{"href":"https:\/\/www.salzburgerheimatwerk.at\/en\/wp-json\/wp\/v2\/product\/315296","targetHints":{"allow":["GET"]}}],"collection":[{"href":"https:\/\/www.salzburgerheimatwerk.at\/en\/wp-json\/wp\/v2\/product"}],"about":[{"href":"https:\/\/www.salzburgerheimatwerk.at\/en\/wp-json\/wp\/v2\/types\/product"}],"wp:featuredmedia":[{"embeddable":true,"href":"https:\/\/www.salzburgerheimatwerk.at\/en\/wp-json\/wp\/v2\/media\/343660"}],"wp:attachment":[{"href":"https:\/\/www.salzburgerheimatwerk.at\/en\/wp-json\/wp\/v2\/media?parent=315296"}],"wp:term":[{"taxonomy":"product_brand","embeddable":true,"href":"https:\/\/www.salzburgerheimatwerk.at\/en\/wp-json\/wp\/v2\/product_brand?post=315296"},{"taxonomy":"product_cat","embeddable":true,"href":"https:\/\/www.salzburgerheimatwerk.at\/en\/wp-json\/wp\/v2\/product_cat?post=315296"},{"taxonomy":"product_tag","embeddable":true,"href":"https:\/\/www.salzburgerheimatwerk.at\/en\/wp-json\/wp\/v2\/product_tag?post=315296"}],"curies":[{"name":"wp","href":"https:\/\/api.w.org\/{rel}","templated":true}]}}