{"id":315578,"date":"2024-06-01T08:18:44","date_gmt":"2024-06-01T06:18:44","guid":{"rendered":"https:\/\/www.salzburgerheimatwerk.at\/produkt\/handdruck-leinenrock\/"},"modified":"2026-04-28T18:25:13","modified_gmt":"2026-04-28T16:25:13","slug":"handdruck-leinenrock","status":"publish","type":"product","link":"https:\/\/www.salzburgerheimatwerk.at\/en\/produkt\/handdruck-leinenrock\/","title":{"rendered":"Handdruck Leinenrock"},"content":{"rendered":"<p>Wundersch\u00f6ner Reinleinenrock von Theresa Sch\u00f6ffel in Handdruck Optik. Das florale Muster passt perfekt zu verschiedensten Oberteilen und verspr\u00fcht sommerlichen Spirit. Der Rock ist am Bund in Falten gelegt. Kann mit oder ohne beiliegendem Bindeg\u00fcrtel getragen werden. Edel und sportlich zugleich. Qualit\u00e4t aus \u00d6sterreich die man sieht und sp\u00fcrt.<br \/>\nDie Designs von Theresa Sch\u00f6ffel stehen f\u00fcr nat\u00fcrliche Kreativit\u00e4t und pure, bunte Lebensfreude. Jedes gefertigte Kleidungsst\u00fcck ist ein wahres Unikat. Egal ob am Strand, in der Stadt oder auf dem Land, mit Theresa Sch\u00f6ffel Designs wirst Du \u00fcberall zum Hingucker.<\/p>\n","protected":false},"excerpt":{"rendered":"<p>Wundersch\u00f6ner Reinleinenrock von Theresa Sch\u00f6ffel in Handdruck Optik. Das florale Muster passt perfekt zu verschiedensten Oberteilen und verspr\u00fcht sommerlichen Spirit. Der Rock ist am&#8230;<\/p>\n","protected":false},"featured_media":343647,"template":"","meta":{"_acf_changed":false},"product_brand":[],"product_cat":[48,50],"product_tag":[1922],"class_list":{"0":"post-315578","1":"product","2":"type-product","3":"status-publish","4":"has-post-thumbnail","6":"pricegroup-202","7":"pricegroup-289","8":"productgroup-204","9":"productgroup-290","10":"product_cat-damentracht","11":"product_cat-roecke-hosen","12":"product_tag-damenrock","13":"pa_farbe-mehrfarbig","15":"first","16":"instock","17":"taxable","18":"shipping-taxable","19":"purchasable","20":"product-type-variable"},"acf":[],"jetpack_sharing_enabled":true,"_links":{"self":[{"href":"https:\/\/www.salzburgerheimatwerk.at\/en\/wp-json\/wp\/v2\/product\/315578","targetHints":{"allow":["GET"]}}],"collection":[{"href":"https:\/\/www.salzburgerheimatwerk.at\/en\/wp-json\/wp\/v2\/product"}],"about":[{"href":"https:\/\/www.salzburgerheimatwerk.at\/en\/wp-json\/wp\/v2\/types\/product"}],"wp:featuredmedia":[{"embeddable":true,"href":"https:\/\/www.salzburgerheimatwerk.at\/en\/wp-json\/wp\/v2\/media\/343647"}],"wp:attachment":[{"href":"https:\/\/www.salzburgerheimatwerk.at\/en\/wp-json\/wp\/v2\/media?parent=315578"}],"wp:term":[{"taxonomy":"product_brand","embeddable":true,"href":"https:\/\/www.salzburgerheimatwerk.at\/en\/wp-json\/wp\/v2\/product_brand?post=315578"},{"taxonomy":"product_cat","embeddable":true,"href":"https:\/\/www.salzburgerheimatwerk.at\/en\/wp-json\/wp\/v2\/product_cat?post=315578"},{"taxonomy":"product_tag","embeddable":true,"href":"https:\/\/www.salzburgerheimatwerk.at\/en\/wp-json\/wp\/v2\/product_tag?post=315578"}],"curies":[{"name":"wp","href":"https:\/\/api.w.org\/{rel}","templated":true}]}}