{"id":315592,"date":"2024-06-01T08:18:56","date_gmt":"2024-06-01T06:18:56","guid":{"rendered":"https:\/\/www.salzburgerheimatwerk.at\/produkt\/shirt-sylvia\/"},"modified":"2026-04-28T18:27:09","modified_gmt":"2026-04-28T16:27:09","slug":"shirt-sylvia","status":"publish","type":"product","link":"https:\/\/www.salzburgerheimatwerk.at\/en\/produkt\/shirt-sylvia\/","title":{"rendered":"Shirt Sylvia"},"content":{"rendered":"<p>Herrlich weiches Baumwollshirt in pink. Passt sowohl zu Rock als auch zu Hose. Tipp: F\u00e4llt etwas kleiner aus &#8211; lieber eine Nummer gr\u00f6\u00dfer w\u00e4hlen.<\/p>\n","protected":false},"excerpt":{"rendered":"<p>Herrlich weiches Baumwollshirt in pink. Passt sowohl zu Rock als auch zu Hose. Tipp: F\u00e4llt etwas kleiner aus &#8211; lieber eine Nummer gr\u00f6\u00dfer&#8230;<\/p>\n","protected":false},"featured_media":343693,"template":"","meta":{"_acf_changed":false},"product_brand":[],"product_cat":[48,52],"product_tag":[2350],"class_list":{"0":"post-315592","1":"product","2":"type-product","3":"status-publish","4":"has-post-thumbnail","6":"pricegroup-202","7":"pricegroup-256","8":"productgroup-257","9":"productgroup-204","10":"product_cat-damentracht","11":"product_cat-blusen-shirts","12":"product_tag-shirt","14":"first","15":"instock","16":"taxable","17":"shipping-taxable","18":"purchasable","19":"product-type-variable","20":"has-default-attributes"},"acf":[],"jetpack_sharing_enabled":true,"_links":{"self":[{"href":"https:\/\/www.salzburgerheimatwerk.at\/en\/wp-json\/wp\/v2\/product\/315592","targetHints":{"allow":["GET"]}}],"collection":[{"href":"https:\/\/www.salzburgerheimatwerk.at\/en\/wp-json\/wp\/v2\/product"}],"about":[{"href":"https:\/\/www.salzburgerheimatwerk.at\/en\/wp-json\/wp\/v2\/types\/product"}],"wp:featuredmedia":[{"embeddable":true,"href":"https:\/\/www.salzburgerheimatwerk.at\/en\/wp-json\/wp\/v2\/media\/343693"}],"wp:attachment":[{"href":"https:\/\/www.salzburgerheimatwerk.at\/en\/wp-json\/wp\/v2\/media?parent=315592"}],"wp:term":[{"taxonomy":"product_brand","embeddable":true,"href":"https:\/\/www.salzburgerheimatwerk.at\/en\/wp-json\/wp\/v2\/product_brand?post=315592"},{"taxonomy":"product_cat","embeddable":true,"href":"https:\/\/www.salzburgerheimatwerk.at\/en\/wp-json\/wp\/v2\/product_cat?post=315592"},{"taxonomy":"product_tag","embeddable":true,"href":"https:\/\/www.salzburgerheimatwerk.at\/en\/wp-json\/wp\/v2\/product_tag?post=315592"}],"curies":[{"name":"wp","href":"https:\/\/api.w.org\/{rel}","templated":true}]}}