{"id":315599,"date":"2024-06-01T08:18:59","date_gmt":"2024-06-01T06:18:59","guid":{"rendered":"https:\/\/www.salzburgerheimatwerk.at\/produkt\/kurze-kaschmir-strickjacke\/"},"modified":"2026-04-28T20:25:12","modified_gmt":"2026-04-28T18:25:12","slug":"kurze-kaschmir-strickjacke","status":"publish","type":"product","link":"https:\/\/www.salzburgerheimatwerk.at\/en\/produkt\/kurze-kaschmir-strickjacke\/","title":{"rendered":"kurze Kaschmir Strickjacke"},"content":{"rendered":"<p>Kurzes Dirndlstrickjackerl aus feinster Kaschmir Qualit\u00e4t. Die edle Linksstrick-Jacke pr\u00e4sentiert sich in traditioneller Aufmachung, w\u00e4hrend die hochwertige Qualit\u00e4t Trachten-Looks harmonisch abrundet. Die Einfassung per Hand in Kontrastfarbe passt perfekt zum Dirndl oder R\u00f6cken.<\/p>\n","protected":false},"excerpt":{"rendered":"<p>Kurzes Dirndlstrickjackerl aus feinster Kaschmir Qualit\u00e4t. Die edle Linksstrick-Jacke pr\u00e4sentiert sich in traditioneller Aufmachung, w\u00e4hrend die hochwertige Qualit\u00e4t Trachten-Looks harmonisch abrundet. Die Einfassung per&#8230;<\/p>\n","protected":false},"featured_media":343705,"template":"","meta":{"_acf_changed":false},"product_brand":[],"product_cat":[48,53],"product_tag":[2351],"class_list":{"0":"post-315599","1":"product","2":"type-product","3":"status-publish","4":"has-post-thumbnail","6":"pricegroup-232","7":"pricegroup-202","8":"productgroup-233","9":"productgroup-204","10":"product_cat-damentracht","11":"product_cat-strick-walk","12":"product_tag-cashmer-jacke","13":"pa_farbe-rosa","15":"first","16":"instock","17":"taxable","18":"shipping-taxable","19":"purchasable","20":"product-type-variable","21":"has-default-attributes"},"acf":[],"jetpack_sharing_enabled":true,"_links":{"self":[{"href":"https:\/\/www.salzburgerheimatwerk.at\/en\/wp-json\/wp\/v2\/product\/315599","targetHints":{"allow":["GET"]}}],"collection":[{"href":"https:\/\/www.salzburgerheimatwerk.at\/en\/wp-json\/wp\/v2\/product"}],"about":[{"href":"https:\/\/www.salzburgerheimatwerk.at\/en\/wp-json\/wp\/v2\/types\/product"}],"wp:featuredmedia":[{"embeddable":true,"href":"https:\/\/www.salzburgerheimatwerk.at\/en\/wp-json\/wp\/v2\/media\/343705"}],"wp:attachment":[{"href":"https:\/\/www.salzburgerheimatwerk.at\/en\/wp-json\/wp\/v2\/media?parent=315599"}],"wp:term":[{"taxonomy":"product_brand","embeddable":true,"href":"https:\/\/www.salzburgerheimatwerk.at\/en\/wp-json\/wp\/v2\/product_brand?post=315599"},{"taxonomy":"product_cat","embeddable":true,"href":"https:\/\/www.salzburgerheimatwerk.at\/en\/wp-json\/wp\/v2\/product_cat?post=315599"},{"taxonomy":"product_tag","embeddable":true,"href":"https:\/\/www.salzburgerheimatwerk.at\/en\/wp-json\/wp\/v2\/product_tag?post=315599"}],"curies":[{"name":"wp","href":"https:\/\/api.w.org\/{rel}","templated":true}]}}