{"id":315608,"date":"2024-06-01T08:20:01","date_gmt":"2024-06-01T06:20:01","guid":{"rendered":"https:\/\/www.salzburgerheimatwerk.at\/produkt\/cashmere-jacke-kaminrot\/"},"modified":"2026-04-28T18:27:09","modified_gmt":"2026-04-28T16:27:09","slug":"cashmere-jacke-kaminrot","status":"publish","type":"product","link":"https:\/\/www.salzburgerheimatwerk.at\/en\/produkt\/cashmere-jacke-kaminrot\/","title":{"rendered":"Cashmere Jacke Kaminrot"},"content":{"rendered":"<p>Kurzes Dirndlstrickjackerl aus feinster Kaschmir Qualit\u00e4t. Die edle Linksstrick-Jacke pr\u00e4sentiert sich in traditioneller Aufmachung, w\u00e4hrend die hochwertige Qualit\u00e4t Trachten-Looks harmonisch abrundet. Die Einfassung per Hand in Kontrastfarbe passt perfekt zum Dirndl.<\/p>\n","protected":false},"excerpt":{"rendered":"<p>Kurzes Dirndlstrickjackerl aus feinster Kaschmir Qualit\u00e4t. Die edle Linksstrick-Jacke pr\u00e4sentiert sich in traditioneller Aufmachung, w\u00e4hrend die hochwertige Qualit\u00e4t Trachten-Looks harmonisch abrundet. Die Einfassung per&#8230;<\/p>\n","protected":false},"featured_media":343710,"template":"","meta":{"_acf_changed":false},"product_brand":[],"product_cat":[48,53],"product_tag":[2339],"class_list":{"0":"post-315608","1":"product","2":"type-product","3":"status-publish","4":"has-post-thumbnail","6":"pricegroup-232","7":"pricegroup-202","8":"productgroup-204","9":"productgroup-233","10":"product_cat-damentracht","11":"product_cat-strick-walk","12":"product_tag-cashmere-jacke","13":"pa_farbe-rot","14":"pa_farbe-weiss","15":"pa_farbe-mehrfarbig","17":"first","18":"instock","19":"taxable","20":"shipping-taxable","21":"purchasable","22":"product-type-variable","23":"has-default-attributes"},"acf":[],"jetpack_sharing_enabled":true,"_links":{"self":[{"href":"https:\/\/www.salzburgerheimatwerk.at\/en\/wp-json\/wp\/v2\/product\/315608","targetHints":{"allow":["GET"]}}],"collection":[{"href":"https:\/\/www.salzburgerheimatwerk.at\/en\/wp-json\/wp\/v2\/product"}],"about":[{"href":"https:\/\/www.salzburgerheimatwerk.at\/en\/wp-json\/wp\/v2\/types\/product"}],"wp:featuredmedia":[{"embeddable":true,"href":"https:\/\/www.salzburgerheimatwerk.at\/en\/wp-json\/wp\/v2\/media\/343710"}],"wp:attachment":[{"href":"https:\/\/www.salzburgerheimatwerk.at\/en\/wp-json\/wp\/v2\/media?parent=315608"}],"wp:term":[{"taxonomy":"product_brand","embeddable":true,"href":"https:\/\/www.salzburgerheimatwerk.at\/en\/wp-json\/wp\/v2\/product_brand?post=315608"},{"taxonomy":"product_cat","embeddable":true,"href":"https:\/\/www.salzburgerheimatwerk.at\/en\/wp-json\/wp\/v2\/product_cat?post=315608"},{"taxonomy":"product_tag","embeddable":true,"href":"https:\/\/www.salzburgerheimatwerk.at\/en\/wp-json\/wp\/v2\/product_tag?post=315608"}],"curies":[{"name":"wp","href":"https:\/\/api.w.org\/{rel}","templated":true}]}}