{"id":316072,"date":"2024-06-13T08:18:47","date_gmt":"2024-06-13T06:18:47","guid":{"rendered":"https:\/\/www.salzburgerheimatwerk.at\/produkt\/herrenhemd-blau-weiss-kariert-4\/"},"modified":"2026-04-28T20:25:12","modified_gmt":"2026-04-28T18:25:12","slug":"herrenhemd-blau-weiss-kariert-4","status":"publish","type":"product","link":"https:\/\/www.salzburgerheimatwerk.at\/en\/produkt\/herrenhemd-blau-weiss-kariert-4\/","title":{"rendered":"Herrenhemd blau-wei\u00df kariert"},"content":{"rendered":"<p>Wundersch\u00f6nes, handgefertigtes, langarm Herrenhemd mit &#8220;Kent&#8221; Kragen in blau-wei\u00df kariert.<br \/>\nLeicht tailliert geschnitten mit Brusttasche.<br \/>\nDieses einzigartige St\u00fcck wird in Ober\u00f6sterreich f\u00fcr das Salzburger Heimatwerk exklusiv gefertigt und pr\u00e4sentiert sich im edlen Geschenkskarton mit Heimatwerk Monogramm.<br \/>\nIn diesem Hemd steckt Qualit\u00e4t aus \u00d6sterreich und Liebe zur Tracht.<\/p>\n","protected":false},"excerpt":{"rendered":"<p>Wundersch\u00f6nes, handgefertigtes, langarm Herrenhemd mit &#8220;Kent&#8221; Kragen in blau-wei\u00df kariert.  Leicht tailliert geschnitten mit Brusttasche.  Dieses einzigartige St\u00fcck wird in Ober\u00f6sterreich f\u00fcr&#8230;<\/p>\n","protected":false},"featured_media":337282,"template":"","meta":{"_acf_changed":false},"product_brand":[],"product_cat":[252,59],"product_tag":[1269],"class_list":{"0":"post-316072","1":"product","2":"type-product","3":"status-publish","4":"has-post-thumbnail","6":"pricegroup-166","7":"pricegroup-250","8":"productgroup-174","9":"productgroup-251","10":"product_cat-hemden-shirts-herrentracht","11":"product_cat-herrentracht","12":"product_tag-herrenhemd","13":"pa_eigenmarke-ja","14":"pa_farbe-weiss","15":"pa_farbe-blau","17":"first","18":"instock","19":"taxable","20":"shipping-taxable","21":"purchasable","22":"product-type-variable","23":"has-default-attributes"},"acf":[],"jetpack_sharing_enabled":true,"_links":{"self":[{"href":"https:\/\/www.salzburgerheimatwerk.at\/en\/wp-json\/wp\/v2\/product\/316072","targetHints":{"allow":["GET"]}}],"collection":[{"href":"https:\/\/www.salzburgerheimatwerk.at\/en\/wp-json\/wp\/v2\/product"}],"about":[{"href":"https:\/\/www.salzburgerheimatwerk.at\/en\/wp-json\/wp\/v2\/types\/product"}],"wp:featuredmedia":[{"embeddable":true,"href":"https:\/\/www.salzburgerheimatwerk.at\/en\/wp-json\/wp\/v2\/media\/337282"}],"wp:attachment":[{"href":"https:\/\/www.salzburgerheimatwerk.at\/en\/wp-json\/wp\/v2\/media?parent=316072"}],"wp:term":[{"taxonomy":"product_brand","embeddable":true,"href":"https:\/\/www.salzburgerheimatwerk.at\/en\/wp-json\/wp\/v2\/product_brand?post=316072"},{"taxonomy":"product_cat","embeddable":true,"href":"https:\/\/www.salzburgerheimatwerk.at\/en\/wp-json\/wp\/v2\/product_cat?post=316072"},{"taxonomy":"product_tag","embeddable":true,"href":"https:\/\/www.salzburgerheimatwerk.at\/en\/wp-json\/wp\/v2\/product_tag?post=316072"}],"curies":[{"name":"wp","href":"https:\/\/api.w.org\/{rel}","templated":true}]}}