{"id":316435,"date":"2024-06-15T08:16:04","date_gmt":"2024-06-15T06:16:04","guid":{"rendered":"https:\/\/www.salzburgerheimatwerk.at\/produkt\/reinseiden-brokat-gruen-streifen-3\/"},"modified":"2026-04-28T18:26:19","modified_gmt":"2026-04-28T16:26:19","slug":"reinseiden-brokat-gruen-streifen-3","status":"publish","type":"product","link":"https:\/\/www.salzburgerheimatwerk.at\/en\/produkt\/reinseiden-brokat-gruen-streifen-3\/","title":{"rendered":"Reinseiden-Brokat gr\u00fcn Streifen"},"content":{"rendered":"<p>Seide wird aus dem Faden der Seidenraupe gewonnen. Durch die Verwendung unterschiedlicher Farben in Kette und Schuss entsteht der einzigartige changierende Effekt dieses edlen Materials. Brokat-Seide zeichnet sich durch eine in  sich gewebte Optik in gro\u00dfer Farb- und Mustervielfalt aus. <\/p>\n<p>Eignung<br \/>\nIdeal f\u00fcr Dirndlsch\u00fcrzen und -r\u00f6cke.<\/p>\n","protected":false},"excerpt":{"rendered":"<p>Seide wird aus dem Faden der Seidenraupe gewonnen. Durch die Verwendung unterschiedlicher Farben in Kette und Schuss entsteht der einzigartige changierende Effekt dieses edlen&#8230;<\/p>\n","protected":false},"featured_media":316446,"template":"","meta":{"_acf_changed":false},"product_brand":[],"product_cat":[192,37],"product_tag":[454],"class_list":{"0":"post-316435","1":"product","2":"type-product","3":"status-publish","4":"has-post-thumbnail","6":"pricegroup-415","7":"pricegroup-165","8":"productgroup-416","9":"productgroup-173","10":"product_cat-trachtenstoffe","11":"product_cat-stoffe","12":"product_tag-rs-gruen-hermine","13":"pa_farbe-gruen","14":"pa_stoffbreite-150-cm","15":"pa_zertifizierung-oeko-tex","17":"first","18":"instock","19":"taxable","20":"shipping-taxable","21":"purchasable","22":"product-type-simple"},"acf":[],"jetpack_sharing_enabled":true,"_links":{"self":[{"href":"https:\/\/www.salzburgerheimatwerk.at\/en\/wp-json\/wp\/v2\/product\/316435","targetHints":{"allow":["GET"]}}],"collection":[{"href":"https:\/\/www.salzburgerheimatwerk.at\/en\/wp-json\/wp\/v2\/product"}],"about":[{"href":"https:\/\/www.salzburgerheimatwerk.at\/en\/wp-json\/wp\/v2\/types\/product"}],"wp:featuredmedia":[{"embeddable":true,"href":"https:\/\/www.salzburgerheimatwerk.at\/en\/wp-json\/wp\/v2\/media\/316446"}],"wp:attachment":[{"href":"https:\/\/www.salzburgerheimatwerk.at\/en\/wp-json\/wp\/v2\/media?parent=316435"}],"wp:term":[{"taxonomy":"product_brand","embeddable":true,"href":"https:\/\/www.salzburgerheimatwerk.at\/en\/wp-json\/wp\/v2\/product_brand?post=316435"},{"taxonomy":"product_cat","embeddable":true,"href":"https:\/\/www.salzburgerheimatwerk.at\/en\/wp-json\/wp\/v2\/product_cat?post=316435"},{"taxonomy":"product_tag","embeddable":true,"href":"https:\/\/www.salzburgerheimatwerk.at\/en\/wp-json\/wp\/v2\/product_tag?post=316435"}],"curies":[{"name":"wp","href":"https:\/\/api.w.org\/{rel}","templated":true}]}}