{"id":316448,"date":"2024-06-18T08:16:02","date_gmt":"2024-06-18T06:16:02","guid":{"rendered":"https:\/\/www.salzburgerheimatwerk.at\/produkt\/kurzarmkleid\/"},"modified":"2026-04-28T18:27:09","modified_gmt":"2026-04-28T16:27:09","slug":"kurzarmkleid","status":"publish","type":"product","link":"https:\/\/www.salzburgerheimatwerk.at\/en\/produkt\/kurzarmkleid\/","title":{"rendered":"Kurzarmkleid"},"content":{"rendered":"<p>Sommerliches kurzes Baumwollkleid in pink mit verspielten Details. R\u00fcckw\u00e4rtiger Zipp und kurze, angesetzte \u00c4rmeln. Ein Kleid f\u00fcr jede Gelegenheit &#8211; herrlich zum Kombinieren &#8211; edel oder sportlich. Hoher Tragekomfort durch einen geringen Elastananteil mit 2%. 98 % Baumwolle. Der perfekte Begleiter f\u00fcr hei\u00dfe Sommertage!<\/p>\n","protected":false},"excerpt":{"rendered":"<p>Sommerliches kurzes Baumwollkleid in pink mit verspielten Details. R\u00fcckw\u00e4rtiger Zipp und kurze, angesetzte \u00c4rmeln. Ein Kleid f\u00fcr jede Gelegenheit &#8211; herrlich zum Kombinieren -&#8230;<\/p>\n","protected":false},"featured_media":325735,"template":"","meta":{"_acf_changed":false},"product_brand":[],"product_cat":[48,49],"product_tag":[1965],"class_list":{"0":"post-316448","1":"product","2":"type-product","3":"status-publish","4":"has-post-thumbnail","6":"pricegroup-298","7":"pricegroup-202","8":"productgroup-204","9":"productgroup-299","10":"product_cat-damentracht","11":"product_cat-dirndl-kleider","12":"product_tag-kurzarmkleid","13":"pa_farbe-mehrfarbig","15":"first","16":"instock","17":"taxable","18":"shipping-taxable","19":"purchasable","20":"product-type-variable","21":"has-default-attributes"},"acf":[],"jetpack_sharing_enabled":true,"_links":{"self":[{"href":"https:\/\/www.salzburgerheimatwerk.at\/en\/wp-json\/wp\/v2\/product\/316448","targetHints":{"allow":["GET"]}}],"collection":[{"href":"https:\/\/www.salzburgerheimatwerk.at\/en\/wp-json\/wp\/v2\/product"}],"about":[{"href":"https:\/\/www.salzburgerheimatwerk.at\/en\/wp-json\/wp\/v2\/types\/product"}],"wp:featuredmedia":[{"embeddable":true,"href":"https:\/\/www.salzburgerheimatwerk.at\/en\/wp-json\/wp\/v2\/media\/325735"}],"wp:attachment":[{"href":"https:\/\/www.salzburgerheimatwerk.at\/en\/wp-json\/wp\/v2\/media?parent=316448"}],"wp:term":[{"taxonomy":"product_brand","embeddable":true,"href":"https:\/\/www.salzburgerheimatwerk.at\/en\/wp-json\/wp\/v2\/product_brand?post=316448"},{"taxonomy":"product_cat","embeddable":true,"href":"https:\/\/www.salzburgerheimatwerk.at\/en\/wp-json\/wp\/v2\/product_cat?post=316448"},{"taxonomy":"product_tag","embeddable":true,"href":"https:\/\/www.salzburgerheimatwerk.at\/en\/wp-json\/wp\/v2\/product_tag?post=316448"}],"curies":[{"name":"wp","href":"https:\/\/api.w.org\/{rel}","templated":true}]}}