{"id":316479,"date":"2024-06-20T08:16:21","date_gmt":"2024-06-20T06:16:21","guid":{"rendered":"https:\/\/www.salzburgerheimatwerk.at\/produkt\/taillierte-rueschenjacke\/"},"modified":"2026-04-28T21:23:14","modified_gmt":"2026-04-28T19:23:14","slug":"taillierte-rueschenjacke","status":"publish","type":"product","link":"https:\/\/www.salzburgerheimatwerk.at\/en\/produkt\/taillierte-rueschenjacke\/","title":{"rendered":"Taillierte R\u00fcschenjacke"},"content":{"rendered":"<p>Diese tailliert geschnittene Strickjacke besticht durch die schmeichelnde R\u00fcschenumrandung und den flotten Schnitt. Verschluss vorne mit Hacken. 100% Lambswool. Die weiche und leichte Mirabell-Softwalk Qualit\u00e4t aus reiner Shetlandwolle, der perfekt sitzende Schnitt und der hohe Tragekomfort machen die Mirabell-Modelle f\u00fcr Damen, die Wert auf das stilvolle Besondere legen \u2013 zum absoluten Highlight. Die Fertigung erfolgt zum Gro\u00dfteil von Hand, wie die Auswahl der Kn\u00f6pfe, der Verschl\u00fcsse sowie der Farbkombinationen.<\/p>\n","protected":false},"excerpt":{"rendered":"<p>Diese tailliert geschnittene Strickjacke besticht durch die schmeichelnde R\u00fcschenumrandung und den flotten Schnitt. Verschluss vorne mit Hacken. 100% Lambswool. Die weiche und leichte Mirabell-Softwalk&#8230;<\/p>\n","protected":false},"featured_media":325519,"template":"","meta":{"_acf_changed":false},"product_brand":[],"product_cat":[48,53],"product_tag":[1645],"class_list":{"0":"post-316479","1":"product","2":"type-product","3":"status-publish","4":"has-post-thumbnail","6":"pricegroup-232","7":"pricegroup-202","8":"productgroup-233","9":"productgroup-204","10":"product_cat-damentracht","11":"product_cat-strick-walk","12":"product_tag-rueschenjacke","13":"pa_farbe-blau","15":"first","16":"instock","17":"taxable","18":"shipping-taxable","19":"purchasable","20":"product-type-variable","21":"has-default-attributes"},"acf":[],"jetpack_sharing_enabled":true,"_links":{"self":[{"href":"https:\/\/www.salzburgerheimatwerk.at\/en\/wp-json\/wp\/v2\/product\/316479","targetHints":{"allow":["GET"]}}],"collection":[{"href":"https:\/\/www.salzburgerheimatwerk.at\/en\/wp-json\/wp\/v2\/product"}],"about":[{"href":"https:\/\/www.salzburgerheimatwerk.at\/en\/wp-json\/wp\/v2\/types\/product"}],"wp:featuredmedia":[{"embeddable":true,"href":"https:\/\/www.salzburgerheimatwerk.at\/en\/wp-json\/wp\/v2\/media\/325519"}],"wp:attachment":[{"href":"https:\/\/www.salzburgerheimatwerk.at\/en\/wp-json\/wp\/v2\/media?parent=316479"}],"wp:term":[{"taxonomy":"product_brand","embeddable":true,"href":"https:\/\/www.salzburgerheimatwerk.at\/en\/wp-json\/wp\/v2\/product_brand?post=316479"},{"taxonomy":"product_cat","embeddable":true,"href":"https:\/\/www.salzburgerheimatwerk.at\/en\/wp-json\/wp\/v2\/product_cat?post=316479"},{"taxonomy":"product_tag","embeddable":true,"href":"https:\/\/www.salzburgerheimatwerk.at\/en\/wp-json\/wp\/v2\/product_tag?post=316479"}],"curies":[{"name":"wp","href":"https:\/\/api.w.org\/{rel}","templated":true}]}}