{"id":316533,"date":"2024-06-28T08:16:02","date_gmt":"2024-06-28T06:16:02","guid":{"rendered":"https:\/\/www.salzburgerheimatwerk.at\/produkt\/dirndl-aurelia-mit-handdruckschuerze\/"},"modified":"2026-04-28T18:27:10","modified_gmt":"2026-04-28T16:27:10","slug":"dirndl-aurelia-mit-handdruckschuerze","status":"publish","type":"product","link":"https:\/\/www.salzburgerheimatwerk.at\/en\/produkt\/dirndl-aurelia-mit-handdruckschuerze\/","title":{"rendered":"Heimatwerk Dirndl mit Handdrucksch\u00fcrze"},"content":{"rendered":"<p>Wundersch\u00f6nes Dirndl im Miederschnitt aus edlem Leinen, der Baumwollrock mit Tupfmuster ist in Bahnen geschnitten sowie die hochwertige Handdruck Seidensch\u00fcrze harmonieren gekonnt miteinander. Handgemachte Herzerlr\u00fcsche zieren den Ausschnitt und sorgen f\u00fcr einen Hingucker.Fertige Rockl\u00e4nge 80cm.<br \/>\nDieses Dirndl ist der perfekte Begleiter f\u00fcr festliche Anl\u00e4sse! Qualit\u00e4t aus \u00d6sterreich die man sieht und sp\u00fcrt. Aus Liebe zur Tracht.<\/p>\n","protected":false},"excerpt":{"rendered":"<p>Wundersch\u00f6nes Dirndl im Miederschnitt aus edlem Leinen, der Baumwollrock mit Tupfmuster ist in Bahnen geschnitten sowie die hochwertige Handdruck Seidensch\u00fcrze harmonieren gekonnt miteinander. Handgemachte&#8230;<\/p>\n","protected":false},"featured_media":329415,"template":"","meta":{"_acf_changed":false},"product_brand":[],"product_cat":[48,49],"product_tag":[2363],"class_list":{"0":"post-316533","1":"product","2":"type-product","3":"status-publish","4":"has-post-thumbnail","6":"pricegroup-202","7":"pricegroup-312","8":"productgroup-204","9":"productgroup-313","10":"product_cat-damentracht","11":"product_cat-dirndl-kleider","12":"product_tag-dirndl-aurelia","13":"pa_farbe-mehrfarbig","14":"pa_farbe-rosa","15":"pa_farbe-weiss","17":"first","18":"instock","19":"taxable","20":"shipping-taxable","21":"purchasable","22":"product-type-variable","23":"has-default-attributes"},"acf":[],"jetpack_sharing_enabled":true,"_links":{"self":[{"href":"https:\/\/www.salzburgerheimatwerk.at\/en\/wp-json\/wp\/v2\/product\/316533","targetHints":{"allow":["GET"]}}],"collection":[{"href":"https:\/\/www.salzburgerheimatwerk.at\/en\/wp-json\/wp\/v2\/product"}],"about":[{"href":"https:\/\/www.salzburgerheimatwerk.at\/en\/wp-json\/wp\/v2\/types\/product"}],"wp:featuredmedia":[{"embeddable":true,"href":"https:\/\/www.salzburgerheimatwerk.at\/en\/wp-json\/wp\/v2\/media\/329415"}],"wp:attachment":[{"href":"https:\/\/www.salzburgerheimatwerk.at\/en\/wp-json\/wp\/v2\/media?parent=316533"}],"wp:term":[{"taxonomy":"product_brand","embeddable":true,"href":"https:\/\/www.salzburgerheimatwerk.at\/en\/wp-json\/wp\/v2\/product_brand?post=316533"},{"taxonomy":"product_cat","embeddable":true,"href":"https:\/\/www.salzburgerheimatwerk.at\/en\/wp-json\/wp\/v2\/product_cat?post=316533"},{"taxonomy":"product_tag","embeddable":true,"href":"https:\/\/www.salzburgerheimatwerk.at\/en\/wp-json\/wp\/v2\/product_tag?post=316533"}],"curies":[{"name":"wp","href":"https:\/\/api.w.org\/{rel}","templated":true}]}}