{"id":316610,"date":"2024-07-02T08:16:08","date_gmt":"2024-07-02T06:16:08","guid":{"rendered":"https:\/\/www.salzburgerheimatwerk.at\/produkt\/reinseiden-satin-tuerkis-uni-2\/"},"modified":"2026-04-28T18:26:27","modified_gmt":"2026-04-28T16:26:27","slug":"reinseiden-satin-tuerkis-uni-2","status":"publish","type":"product","link":"https:\/\/www.salzburgerheimatwerk.at\/en\/produkt\/reinseiden-satin-tuerkis-uni-2\/","title":{"rendered":"Reinseiden-Satin t\u00fcrkis Uni"},"content":{"rendered":"<p>Seide wird aus dem Faden der Seidenraupe gewonnen. Durch die Verwendung unterschiedlicher Farben in Kette und Schuss entsteht der einzigartige changierende Effekt dieses edlen Materials. Bei der Satin-Bindung liegen die Bindungspunkte von Kette und Schuss weiter auseinander. Dadurch entsteht ein besonders weich flie\u00dfendes Gewebe, deren Vorder- und R\u00fcckseite sich farblich unterscheiden.<\/p>\n<p>Eignung<br \/>\nIdeal f\u00fcr Dirndlr\u00f6cke und -sch\u00fcrzen.<\/p>\n","protected":false},"excerpt":{"rendered":"<p>Seide wird aus dem Faden der Seidenraupe gewonnen. Durch die Verwendung unterschiedlicher Farben in Kette und Schuss entsteht der einzigartige changierende Effekt dieses edlen&#8230;<\/p>\n","protected":false},"featured_media":328595,"template":"","meta":{"_acf_changed":false},"product_brand":[],"product_cat":[192,37],"product_tag":[1655],"class_list":{"0":"post-316610","1":"product","2":"type-product","3":"status-publish","4":"has-post-thumbnail","6":"pricegroup-415","7":"pricegroup-165","8":"productgroup-416","9":"productgroup-173","10":"product_cat-trachtenstoffe","11":"product_cat-stoffe","12":"product_tag-rs-satin-tuerkis-uni","13":"pa_farbe-tuerkis","14":"pa_stoffbreite-150-cm","15":"pa_zertifizierung-oeko-tex","17":"first","18":"instock","19":"taxable","20":"shipping-taxable","21":"purchasable","22":"product-type-simple"},"acf":[],"jetpack_sharing_enabled":true,"_links":{"self":[{"href":"https:\/\/www.salzburgerheimatwerk.at\/en\/wp-json\/wp\/v2\/product\/316610","targetHints":{"allow":["GET"]}}],"collection":[{"href":"https:\/\/www.salzburgerheimatwerk.at\/en\/wp-json\/wp\/v2\/product"}],"about":[{"href":"https:\/\/www.salzburgerheimatwerk.at\/en\/wp-json\/wp\/v2\/types\/product"}],"wp:featuredmedia":[{"embeddable":true,"href":"https:\/\/www.salzburgerheimatwerk.at\/en\/wp-json\/wp\/v2\/media\/328595"}],"wp:attachment":[{"href":"https:\/\/www.salzburgerheimatwerk.at\/en\/wp-json\/wp\/v2\/media?parent=316610"}],"wp:term":[{"taxonomy":"product_brand","embeddable":true,"href":"https:\/\/www.salzburgerheimatwerk.at\/en\/wp-json\/wp\/v2\/product_brand?post=316610"},{"taxonomy":"product_cat","embeddable":true,"href":"https:\/\/www.salzburgerheimatwerk.at\/en\/wp-json\/wp\/v2\/product_cat?post=316610"},{"taxonomy":"product_tag","embeddable":true,"href":"https:\/\/www.salzburgerheimatwerk.at\/en\/wp-json\/wp\/v2\/product_tag?post=316610"}],"curies":[{"name":"wp","href":"https:\/\/api.w.org\/{rel}","templated":true}]}}