{"id":317133,"date":"2024-08-06T08:16:02","date_gmt":"2024-08-06T06:16:02","guid":{"rendered":"https:\/\/www.salzburgerheimatwerk.at\/produkt\/festliches-dirndl-jade\/"},"modified":"2026-04-28T18:27:10","modified_gmt":"2026-04-28T16:27:10","slug":"festliches-dirndl-jade","status":"publish","type":"product","link":"https:\/\/www.salzburgerheimatwerk.at\/en\/produkt\/festliches-dirndl-jade\/","title":{"rendered":"Heimatwerk Festdirndl Jade"},"content":{"rendered":"<p>Festliches Heimatwerk Dirndl im Miederschnitt aus edlem Viskose-Seiden Oberteil in T\u00fcrkis. Passepoil in Seide und handgemachte Knopfl\u00f6cher mit t\u00fcrkisen Kn\u00f6pfen. Rock aus Wollstoff im 6-Bahnen Schnitt in 80er Rockl\u00e4nge. Ebenfalls in Seide passepoiliert. Sch\u00fcrze in t\u00fcrkiser Seide. Das Dirndl ist ein eleganter Begleiter f\u00fcr festliche Anl\u00e4sse oder die Festspiele. Qualit\u00e4t aus \u00d6sterreich die man sieht und sp\u00fcrt. Aus Liebe zur Tracht.<\/p>\n","protected":false},"excerpt":{"rendered":"<p>Festliches Heimatwerk Dirndl im Miederschnitt aus edlem Viskose-Seiden Oberteil in T\u00fcrkis. Passepoil in Seide und handgemachte Knopfl\u00f6cher mit t\u00fcrkisen Kn\u00f6pfen. Rock aus Wollstoff im&#8230;<\/p>\n","protected":false},"featured_media":329421,"template":"","meta":{"_acf_changed":false},"product_brand":[],"product_cat":[48,49],"product_tag":[2369],"class_list":{"0":"post-317133","1":"product","2":"type-product","3":"status-publish","4":"has-post-thumbnail","6":"pricegroup-202","7":"pricegroup-312","8":"productgroup-204","9":"productgroup-313","10":"product_cat-damentracht","11":"product_cat-dirndl-kleider","12":"product_tag-dirndl-jade","13":"pa_farbe-mehrfarbig","15":"first","16":"instock","17":"taxable","18":"shipping-taxable","19":"purchasable","20":"product-type-variable","21":"has-default-attributes"},"acf":[],"jetpack_sharing_enabled":true,"_links":{"self":[{"href":"https:\/\/www.salzburgerheimatwerk.at\/en\/wp-json\/wp\/v2\/product\/317133","targetHints":{"allow":["GET"]}}],"collection":[{"href":"https:\/\/www.salzburgerheimatwerk.at\/en\/wp-json\/wp\/v2\/product"}],"about":[{"href":"https:\/\/www.salzburgerheimatwerk.at\/en\/wp-json\/wp\/v2\/types\/product"}],"wp:featuredmedia":[{"embeddable":true,"href":"https:\/\/www.salzburgerheimatwerk.at\/en\/wp-json\/wp\/v2\/media\/329421"}],"wp:attachment":[{"href":"https:\/\/www.salzburgerheimatwerk.at\/en\/wp-json\/wp\/v2\/media?parent=317133"}],"wp:term":[{"taxonomy":"product_brand","embeddable":true,"href":"https:\/\/www.salzburgerheimatwerk.at\/en\/wp-json\/wp\/v2\/product_brand?post=317133"},{"taxonomy":"product_cat","embeddable":true,"href":"https:\/\/www.salzburgerheimatwerk.at\/en\/wp-json\/wp\/v2\/product_cat?post=317133"},{"taxonomy":"product_tag","embeddable":true,"href":"https:\/\/www.salzburgerheimatwerk.at\/en\/wp-json\/wp\/v2\/product_tag?post=317133"}],"curies":[{"name":"wp","href":"https:\/\/api.w.org\/{rel}","templated":true}]}}