{"id":317158,"date":"2024-08-07T08:16:30","date_gmt":"2024-08-07T06:16:30","guid":{"rendered":"https:\/\/www.salzburgerheimatwerk.at\/produkt\/herrenjacke-lautersee\/"},"modified":"2026-04-28T18:27:09","modified_gmt":"2026-04-28T16:27:09","slug":"herrenjacke-lautersee","status":"publish","type":"product","link":"https:\/\/www.salzburgerheimatwerk.at\/en\/produkt\/herrenjacke-lautersee\/","title":{"rendered":"Herrenjacke Lautersee"},"content":{"rendered":"<p>Eine besondere und sehr elegante Joppe perfekt f\u00fcr alle Anl\u00e4sse. Durch die Kombination aus Wolle und Leinen eine ideale Stoffmischung f\u00fcr den Sommer und f\u00fcr hei\u00dfe Abende auf dem Tanzboden. Durch die Stoffqualit\u00e4t aus  Wolle und Leinen ist die Joppe herrlich leicht, knittert kaum und der Stoff hat einen angenehm trockenen Griff. Die Quetschfalte am R\u00fccken kann geschlossen bleiben oder auch ge\u00f6ffnet f\u00fcr mehr Bequemlichkeit. Wundersch\u00f6ne Verarbeitung zeigt von h\u00f6chster Qualit\u00e4t. 43% Leinen, 57% Schurwolle<\/p>\n","protected":false},"excerpt":{"rendered":"<p>Eine besondere und sehr elegante Joppe perfekt f\u00fcr alle Anl\u00e4sse. Durch die Kombination aus Wolle und Leinen eine ideale Stoffmischung f\u00fcr den Sommer und&#8230;<\/p>\n","protected":false},"featured_media":343715,"template":"","meta":{"_acf_changed":false},"product_brand":[],"product_cat":[59,61,1222],"product_tag":[853],"class_list":{"0":"post-317158","1":"product","2":"type-product","3":"status-publish","4":"has-post-thumbnail","6":"pricegroup-166","7":"pricegroup-216","8":"productgroup-174","9":"productgroup-217","10":"product_cat-herrentracht","11":"product_cat-jacken-maentel","12":"product_cat-sakko","13":"product_tag-herrenjacke","14":"pa_farbe-grau","16":"first","17":"instock","18":"taxable","19":"shipping-taxable","20":"purchasable","21":"product-type-variable","22":"has-default-attributes"},"acf":[],"jetpack_sharing_enabled":true,"_links":{"self":[{"href":"https:\/\/www.salzburgerheimatwerk.at\/en\/wp-json\/wp\/v2\/product\/317158","targetHints":{"allow":["GET"]}}],"collection":[{"href":"https:\/\/www.salzburgerheimatwerk.at\/en\/wp-json\/wp\/v2\/product"}],"about":[{"href":"https:\/\/www.salzburgerheimatwerk.at\/en\/wp-json\/wp\/v2\/types\/product"}],"wp:featuredmedia":[{"embeddable":true,"href":"https:\/\/www.salzburgerheimatwerk.at\/en\/wp-json\/wp\/v2\/media\/343715"}],"wp:attachment":[{"href":"https:\/\/www.salzburgerheimatwerk.at\/en\/wp-json\/wp\/v2\/media?parent=317158"}],"wp:term":[{"taxonomy":"product_brand","embeddable":true,"href":"https:\/\/www.salzburgerheimatwerk.at\/en\/wp-json\/wp\/v2\/product_brand?post=317158"},{"taxonomy":"product_cat","embeddable":true,"href":"https:\/\/www.salzburgerheimatwerk.at\/en\/wp-json\/wp\/v2\/product_cat?post=317158"},{"taxonomy":"product_tag","embeddable":true,"href":"https:\/\/www.salzburgerheimatwerk.at\/en\/wp-json\/wp\/v2\/product_tag?post=317158"}],"curies":[{"name":"wp","href":"https:\/\/api.w.org\/{rel}","templated":true}]}}