{"id":317234,"date":"2024-08-08T08:16:10","date_gmt":"2024-08-08T06:16:10","guid":{"rendered":"https:\/\/www.salzburgerheimatwerk.at\/produkt\/baumwol-seide-jaquard-mehrfaerbig-paisley-2\/"},"modified":"2026-04-28T18:26:10","modified_gmt":"2026-04-28T16:26:10","slug":"baumwol-seide-jaquard-mehrfaerbig-paisley-2","status":"publish","type":"product","link":"https:\/\/www.salzburgerheimatwerk.at\/en\/produkt\/baumwol-seide-jaquard-mehrfaerbig-paisley-2\/","title":{"rendered":"Baumwol-Seide-Jaquard mehrf\u00e4rbig Paisley"},"content":{"rendered":"<p>Brokat aus einer feinen Baumwoll-Seide-Mischung. Brokat-Seide zeichnet sich durch eine in sich gewebte Optik in gro\u00dfer Mustervielfalt aus. <\/p>\n<p>Eignung<br \/>\nIdeal f\u00fcr Dirndloberteile, -r\u00f6cke und -sch\u00fcrzen, Spencer, Jacken sowie elegante Abendkleidung.<\/p>\n","protected":false},"excerpt":{"rendered":"<p>Brokat aus einer feinen Baumwoll-Seide-Mischung. Brokat-Seide zeichnet sich durch eine in sich gewebte Optik in gro\u00dfer Mustervielfalt aus.   Eignung Ideal f\u00fcr Dirndloberteile,&#8230;<\/p>\n","protected":false},"featured_media":328477,"template":"","meta":{"_acf_changed":false},"product_brand":[],"product_cat":[37,192],"product_tag":[2379],"class_list":{"0":"post-317234","1":"product","2":"type-product","3":"status-publish","4":"has-post-thumbnail","6":"pricegroup-540","7":"pricegroup-165","8":"productgroup-541","9":"productgroup-173","10":"product_cat-stoffe","11":"product_cat-trachtenstoffe","12":"product_tag-bw-se-gruen-braun-paisley","13":"pa_farbe-mehrfarbig","14":"pa_farbe-gruen","15":"pa_farbe-braun","16":"pa_stoffbreite-150-cm","17":"pa_zertifizierung-oeko-tex","19":"first","20":"instock","21":"taxable","22":"shipping-taxable","23":"purchasable","24":"product-type-simple"},"acf":[],"jetpack_sharing_enabled":true,"_links":{"self":[{"href":"https:\/\/www.salzburgerheimatwerk.at\/en\/wp-json\/wp\/v2\/product\/317234","targetHints":{"allow":["GET"]}}],"collection":[{"href":"https:\/\/www.salzburgerheimatwerk.at\/en\/wp-json\/wp\/v2\/product"}],"about":[{"href":"https:\/\/www.salzburgerheimatwerk.at\/en\/wp-json\/wp\/v2\/types\/product"}],"wp:featuredmedia":[{"embeddable":true,"href":"https:\/\/www.salzburgerheimatwerk.at\/en\/wp-json\/wp\/v2\/media\/328477"}],"wp:attachment":[{"href":"https:\/\/www.salzburgerheimatwerk.at\/en\/wp-json\/wp\/v2\/media?parent=317234"}],"wp:term":[{"taxonomy":"product_brand","embeddable":true,"href":"https:\/\/www.salzburgerheimatwerk.at\/en\/wp-json\/wp\/v2\/product_brand?post=317234"},{"taxonomy":"product_cat","embeddable":true,"href":"https:\/\/www.salzburgerheimatwerk.at\/en\/wp-json\/wp\/v2\/product_cat?post=317234"},{"taxonomy":"product_tag","embeddable":true,"href":"https:\/\/www.salzburgerheimatwerk.at\/en\/wp-json\/wp\/v2\/product_tag?post=317234"}],"curies":[{"name":"wp","href":"https:\/\/api.w.org\/{rel}","templated":true}]}}