{"id":317266,"date":"2024-08-09T08:16:42","date_gmt":"2024-08-09T06:16:42","guid":{"rendered":"https:\/\/www.salzburgerheimatwerk.at\/produkt\/herrenjacke-wallersee\/"},"modified":"2026-04-28T18:27:10","modified_gmt":"2026-04-28T16:27:10","slug":"herrenjacke-wallersee","status":"publish","type":"product","link":"https:\/\/www.salzburgerheimatwerk.at\/en\/produkt\/herrenjacke-wallersee\/","title":{"rendered":"Herrenjacke Wallersee"},"content":{"rendered":"<p>Wallersee-Herrensakko von LODENFREY in Nachtblau. Kreationen aus dem eigenen Haus &#8211; Diese edle Jacke sorgt bei traditionellen Anl\u00e4ssen f\u00fcr einen stilvollen Auftritt und besticht vor allem durch zeitloses Design, welches dank Wappen-Kn\u00f6pfen und Samt-Details festlich vollendet wird. Komplett gef\u00fcttert mit 3 Innentaschen, 2 r\u00fcckw\u00e4rtigen Schlitzen. Passend dazu gibt es auch das dazugeh\u00f6rige Samtgilet als elegante Kombination.<\/p>\n","protected":false},"excerpt":{"rendered":"<p>Wallersee-Herrensakko von LODENFREY in Nachtblau. Kreationen aus dem eigenen Haus &#8211; Diese edle Jacke sorgt bei traditionellen Anl\u00e4ssen f\u00fcr einen stilvollen Auftritt und besticht&#8230;<\/p>\n","protected":false},"featured_media":343753,"template":"","meta":{"_acf_changed":false},"product_brand":[],"product_cat":[1222,59,61],"product_tag":[853],"class_list":{"0":"post-317266","1":"product","2":"type-product","3":"status-publish","4":"has-post-thumbnail","6":"pricegroup-850","7":"pricegroup-166","8":"productgroup-851","9":"productgroup-174","10":"product_cat-sakko","11":"product_cat-herrentracht","12":"product_cat-jacken-maentel","13":"product_tag-herrenjacke","14":"pa_farbe-blau","16":"first","17":"instock","18":"taxable","19":"shipping-taxable","20":"purchasable","21":"product-type-variable","22":"has-default-attributes"},"acf":[],"jetpack_sharing_enabled":true,"_links":{"self":[{"href":"https:\/\/www.salzburgerheimatwerk.at\/en\/wp-json\/wp\/v2\/product\/317266","targetHints":{"allow":["GET"]}}],"collection":[{"href":"https:\/\/www.salzburgerheimatwerk.at\/en\/wp-json\/wp\/v2\/product"}],"about":[{"href":"https:\/\/www.salzburgerheimatwerk.at\/en\/wp-json\/wp\/v2\/types\/product"}],"wp:featuredmedia":[{"embeddable":true,"href":"https:\/\/www.salzburgerheimatwerk.at\/en\/wp-json\/wp\/v2\/media\/343753"}],"wp:attachment":[{"href":"https:\/\/www.salzburgerheimatwerk.at\/en\/wp-json\/wp\/v2\/media?parent=317266"}],"wp:term":[{"taxonomy":"product_brand","embeddable":true,"href":"https:\/\/www.salzburgerheimatwerk.at\/en\/wp-json\/wp\/v2\/product_brand?post=317266"},{"taxonomy":"product_cat","embeddable":true,"href":"https:\/\/www.salzburgerheimatwerk.at\/en\/wp-json\/wp\/v2\/product_cat?post=317266"},{"taxonomy":"product_tag","embeddable":true,"href":"https:\/\/www.salzburgerheimatwerk.at\/en\/wp-json\/wp\/v2\/product_tag?post=317266"}],"curies":[{"name":"wp","href":"https:\/\/api.w.org\/{rel}","templated":true}]}}