{"id":317278,"date":"2024-08-09T08:16:54","date_gmt":"2024-08-09T06:16:54","guid":{"rendered":"https:\/\/www.salzburgerheimatwerk.at\/produkt\/samtweste-nachtblau\/"},"modified":"2026-04-28T18:27:10","modified_gmt":"2026-04-28T16:27:10","slug":"samtweste-nachtblau","status":"publish","type":"product","link":"https:\/\/www.salzburgerheimatwerk.at\/en\/produkt\/samtweste-nachtblau\/","title":{"rendered":"Samtweste Nachtblau"},"content":{"rendered":"<p>Edle Herrenweste in dunkelblauen Samt mit Wappenkn\u00f6pfen, V-Ausschnitt, Leistentaschen, komplett gef\u00fcttert. Hochwertige Verarbeitung. Hervorragender Tragekomfort, Qualit\u00e4t f\u00fcr festliche Anl\u00e4sse.<\/p>\n","protected":false},"excerpt":{"rendered":"<p>Edle Herrenweste in dunkelblauen Samt mit Wappenkn\u00f6pfen, V-Ausschnitt, Leistentaschen, komplett gef\u00fcttert. Hochwertige Verarbeitung. Hervorragender Tragekomfort, Qualit\u00e4t f\u00fcr festliche&#8230;<\/p>\n","protected":false},"featured_media":343755,"template":"","meta":{"_acf_changed":false},"product_brand":[],"product_cat":[59,63],"product_tag":[2382],"class_list":{"0":"post-317278","1":"product","2":"type-product","3":"status-publish","4":"has-post-thumbnail","6":"pricegroup-166","7":"pricegroup-817","8":"productgroup-174","9":"productgroup-818","10":"product_cat-herrentracht","11":"product_cat-westen","12":"product_tag-samtweste","13":"pa_farbe-blau","15":"first","16":"instock","17":"taxable","18":"shipping-taxable","19":"purchasable","20":"product-type-variable","21":"has-default-attributes"},"acf":[],"jetpack_sharing_enabled":true,"_links":{"self":[{"href":"https:\/\/www.salzburgerheimatwerk.at\/en\/wp-json\/wp\/v2\/product\/317278","targetHints":{"allow":["GET"]}}],"collection":[{"href":"https:\/\/www.salzburgerheimatwerk.at\/en\/wp-json\/wp\/v2\/product"}],"about":[{"href":"https:\/\/www.salzburgerheimatwerk.at\/en\/wp-json\/wp\/v2\/types\/product"}],"wp:featuredmedia":[{"embeddable":true,"href":"https:\/\/www.salzburgerheimatwerk.at\/en\/wp-json\/wp\/v2\/media\/343755"}],"wp:attachment":[{"href":"https:\/\/www.salzburgerheimatwerk.at\/en\/wp-json\/wp\/v2\/media?parent=317278"}],"wp:term":[{"taxonomy":"product_brand","embeddable":true,"href":"https:\/\/www.salzburgerheimatwerk.at\/en\/wp-json\/wp\/v2\/product_brand?post=317278"},{"taxonomy":"product_cat","embeddable":true,"href":"https:\/\/www.salzburgerheimatwerk.at\/en\/wp-json\/wp\/v2\/product_cat?post=317278"},{"taxonomy":"product_tag","embeddable":true,"href":"https:\/\/www.salzburgerheimatwerk.at\/en\/wp-json\/wp\/v2\/product_tag?post=317278"}],"curies":[{"name":"wp","href":"https:\/\/api.w.org\/{rel}","templated":true}]}}