{"id":317666,"date":"2024-09-05T08:16:02","date_gmt":"2024-09-05T06:16:02","guid":{"rendered":"https:\/\/www.salzburgerheimatwerk.at\/produkt\/kleid\/"},"modified":"2026-04-28T19:17:11","modified_gmt":"2026-04-28T17:17:11","slug":"kleid","status":"publish","type":"product","link":"https:\/\/www.salzburgerheimatwerk.at\/en\/produkt\/kleid\/","title":{"rendered":"Hemdblusenkleid"},"content":{"rendered":"<p>Kleid aus reiner Baumwolle mit einem festlichen Paisleydruck in Blaut\u00f6nen mit Silber. Das Blusenkleid hat lange \u00c4rmel und einen Umlegekragen und ist in der vorderen Mitte komplett durchgekn\u00f6pft. Dieses Kleid ist sehr variabel &#8211; mit einer Seidensch\u00e4rpe ist es sehr elegant oder mit einem flotten G\u00fcrtel sehr sportlich zu tragen.<\/p>\n","protected":false},"excerpt":{"rendered":"<p>Kleid aus reiner Baumwolle mit einem festlichen Paisleydruck in Blaut\u00f6nen mit Silber. Das Blusenkleid hat lange \u00c4rmel und einen Umlegekragen und ist in der&#8230;<\/p>\n","protected":false},"featured_media":328528,"template":"","meta":{"_acf_changed":false},"product_brand":[],"product_cat":[48,49],"product_tag":[1246],"class_list":{"0":"post-317666","1":"product","2":"type-product","3":"status-publish","4":"has-post-thumbnail","6":"pricegroup-202","7":"pricegroup-298","8":"productgroup-204","9":"productgroup-299","10":"product_cat-damentracht","11":"product_cat-dirndl-kleider","12":"product_tag-kleid","13":"pa_farbe-mehrfarbig","14":"pa_farbe-blau","16":"first","17":"instock","18":"taxable","19":"shipping-taxable","20":"purchasable","21":"product-type-variable","22":"has-default-attributes"},"acf":[],"jetpack_sharing_enabled":true,"_links":{"self":[{"href":"https:\/\/www.salzburgerheimatwerk.at\/en\/wp-json\/wp\/v2\/product\/317666","targetHints":{"allow":["GET"]}}],"collection":[{"href":"https:\/\/www.salzburgerheimatwerk.at\/en\/wp-json\/wp\/v2\/product"}],"about":[{"href":"https:\/\/www.salzburgerheimatwerk.at\/en\/wp-json\/wp\/v2\/types\/product"}],"wp:featuredmedia":[{"embeddable":true,"href":"https:\/\/www.salzburgerheimatwerk.at\/en\/wp-json\/wp\/v2\/media\/328528"}],"wp:attachment":[{"href":"https:\/\/www.salzburgerheimatwerk.at\/en\/wp-json\/wp\/v2\/media?parent=317666"}],"wp:term":[{"taxonomy":"product_brand","embeddable":true,"href":"https:\/\/www.salzburgerheimatwerk.at\/en\/wp-json\/wp\/v2\/product_brand?post=317666"},{"taxonomy":"product_cat","embeddable":true,"href":"https:\/\/www.salzburgerheimatwerk.at\/en\/wp-json\/wp\/v2\/product_cat?post=317666"},{"taxonomy":"product_tag","embeddable":true,"href":"https:\/\/www.salzburgerheimatwerk.at\/en\/wp-json\/wp\/v2\/product_tag?post=317666"}],"curies":[{"name":"wp","href":"https:\/\/api.w.org\/{rel}","templated":true}]}}