{"id":317675,"date":"2024-09-05T08:16:05","date_gmt":"2024-09-05T06:16:05","guid":{"rendered":"https:\/\/www.salzburgerheimatwerk.at\/produkt\/elegante-damenbluse\/"},"modified":"2026-05-01T03:27:13","modified_gmt":"2026-05-01T01:27:13","slug":"elegante-damenbluse","status":"publish","type":"product","link":"https:\/\/www.salzburgerheimatwerk.at\/en\/produkt\/elegante-damenbluse\/","title":{"rendered":"Elegante Damenbluse"},"content":{"rendered":"<p>Historische Vorlagen aus England haben uns zu diesem beerenroten Muster inspiriert. Der Druck selbst kommt aus Deutschland \u2013 wassersparend, mit umweltschonenden Farben auf Bio-Viskose. Die nachhaltigen Naturfasern sorgen dabei nicht nur f\u00fcr ein gutes Gewissen, sondern auch f\u00fcr ein besonders angenehmes Tragegef\u00fchl der Bluse REGULA.<\/p>\n<p>Aus 100% Bio-Viskose, mit Perlmuttknopf, umweltschonend und wassersparend in Deutschland bedruckt.<\/p>\n","protected":false},"excerpt":{"rendered":"<p>Historische Vorlagen aus England haben uns zu diesem beerenroten Muster inspiriert. Der Druck selbst kommt aus Deutschland \u2013 wassersparend, mit umweltschonenden Farben auf Bio-Viskose&#8230;.<\/p>\n","protected":false},"featured_media":343815,"template":"","meta":{"_acf_changed":false},"product_brand":[],"product_cat":[1220,48,52],"product_tag":[2535],"class_list":{"0":"post-317675","1":"product","2":"type-product","3":"status-publish","4":"has-post-thumbnail","6":"pricegroup-202","7":"pricegroup-256","8":"productgroup-204","9":"productgroup-257","10":"product_cat-sale","11":"product_cat-damentracht","12":"product_cat-blusen-shirts","13":"product_tag-damenbluse-rot-gemustert","14":"pa_farbe-rot","16":"first","17":"outofstock","18":"taxable","19":"shipping-taxable","20":"product-type-variable","21":"has-default-attributes"},"acf":[],"jetpack_sharing_enabled":true,"_links":{"self":[{"href":"https:\/\/www.salzburgerheimatwerk.at\/en\/wp-json\/wp\/v2\/product\/317675","targetHints":{"allow":["GET"]}}],"collection":[{"href":"https:\/\/www.salzburgerheimatwerk.at\/en\/wp-json\/wp\/v2\/product"}],"about":[{"href":"https:\/\/www.salzburgerheimatwerk.at\/en\/wp-json\/wp\/v2\/types\/product"}],"wp:featuredmedia":[{"embeddable":true,"href":"https:\/\/www.salzburgerheimatwerk.at\/en\/wp-json\/wp\/v2\/media\/343815"}],"wp:attachment":[{"href":"https:\/\/www.salzburgerheimatwerk.at\/en\/wp-json\/wp\/v2\/media?parent=317675"}],"wp:term":[{"taxonomy":"product_brand","embeddable":true,"href":"https:\/\/www.salzburgerheimatwerk.at\/en\/wp-json\/wp\/v2\/product_brand?post=317675"},{"taxonomy":"product_cat","embeddable":true,"href":"https:\/\/www.salzburgerheimatwerk.at\/en\/wp-json\/wp\/v2\/product_cat?post=317675"},{"taxonomy":"product_tag","embeddable":true,"href":"https:\/\/www.salzburgerheimatwerk.at\/en\/wp-json\/wp\/v2\/product_tag?post=317675"}],"curies":[{"name":"wp","href":"https:\/\/api.w.org\/{rel}","templated":true}]}}