{"id":321154,"date":"2024-09-28T08:16:29","date_gmt":"2024-09-28T06:16:29","guid":{"rendered":"https:\/\/www.salzburgerheimatwerk.at\/produkt\/kurze-damenlodenjacke\/"},"modified":"2026-04-28T20:25:13","modified_gmt":"2026-04-28T18:25:13","slug":"kurze-damenlodenjacke","status":"publish","type":"product","link":"https:\/\/www.salzburgerheimatwerk.at\/en\/produkt\/kurze-damenlodenjacke\/","title":{"rendered":"Kurze Damenlodenjacke"},"content":{"rendered":"<p>Leger geschnittene Kurzjacke (ca. 48cm in Gr\u00f6\u00dfe 38) aus feinem Wollstoff mit 2% Elasthan die den Tragekomfort erh\u00f6hen. Das Fischgrat Muster aus Mel\u00e9 Garn passt perfekt zu allen blau, grau und natur T\u00f6nen. Die Jacke wird mit einem Zipferschlu\u00df geschlossen ebenso, wie die \u00c4rmelschlitze mit einem kurzen Zipp betont werden. Im Vorder- und R\u00fcckenteil sorgen abgesteppte Rundn\u00e4hte f\u00fcr die perfekte Passform.<\/p>\n","protected":false},"excerpt":{"rendered":"<p>Leger geschnittene Kurzjacke (ca. 48cm in Gr\u00f6\u00dfe 38) aus feinem Wollstoff mit 2% Elasthan die den Tragekomfort erh\u00f6hen. Das Fischgrat Muster aus Mel\u00e9 Garn&#8230;<\/p>\n","protected":false},"featured_media":325787,"template":"","meta":{"_acf_changed":false},"product_brand":[],"product_cat":[304,48],"product_tag":[309],"class_list":{"0":"post-321154","1":"product","2":"type-product","3":"status-publish","4":"has-post-thumbnail","6":"pricegroup-302","7":"pricegroup-202","8":"productgroup-303","9":"productgroup-204","10":"product_cat-jacken-maentel-damentracht","11":"product_cat-damentracht","12":"product_tag-damenjacke","13":"pa_farbe-blau","15":"first","16":"instock","17":"taxable","18":"shipping-taxable","19":"purchasable","20":"product-type-variable","21":"has-default-attributes"},"acf":[],"jetpack_sharing_enabled":true,"_links":{"self":[{"href":"https:\/\/www.salzburgerheimatwerk.at\/en\/wp-json\/wp\/v2\/product\/321154","targetHints":{"allow":["GET"]}}],"collection":[{"href":"https:\/\/www.salzburgerheimatwerk.at\/en\/wp-json\/wp\/v2\/product"}],"about":[{"href":"https:\/\/www.salzburgerheimatwerk.at\/en\/wp-json\/wp\/v2\/types\/product"}],"wp:featuredmedia":[{"embeddable":true,"href":"https:\/\/www.salzburgerheimatwerk.at\/en\/wp-json\/wp\/v2\/media\/325787"}],"wp:attachment":[{"href":"https:\/\/www.salzburgerheimatwerk.at\/en\/wp-json\/wp\/v2\/media?parent=321154"}],"wp:term":[{"taxonomy":"product_brand","embeddable":true,"href":"https:\/\/www.salzburgerheimatwerk.at\/en\/wp-json\/wp\/v2\/product_brand?post=321154"},{"taxonomy":"product_cat","embeddable":true,"href":"https:\/\/www.salzburgerheimatwerk.at\/en\/wp-json\/wp\/v2\/product_cat?post=321154"},{"taxonomy":"product_tag","embeddable":true,"href":"https:\/\/www.salzburgerheimatwerk.at\/en\/wp-json\/wp\/v2\/product_tag?post=321154"}],"curies":[{"name":"wp","href":"https:\/\/api.w.org\/{rel}","templated":true}]}}