{"id":321271,"date":"2024-10-03T08:16:02","date_gmt":"2024-10-03T06:16:02","guid":{"rendered":"https:\/\/www.salzburgerheimatwerk.at\/produkt\/tasche-aus-samt-in-altrosa\/"},"modified":"2026-04-28T18:24:13","modified_gmt":"2026-04-28T16:24:13","slug":"tasche-aus-samt-in-altrosa","status":"publish","type":"product","link":"https:\/\/www.salzburgerheimatwerk.at\/en\/produkt\/tasche-aus-samt-in-altrosa\/","title":{"rendered":"Tasche aus Samt in altrosa"},"content":{"rendered":"<p>Diese Samttasche passt sich im Farbton perfekt zu Ihrem Outfit an &#8211; von lachs bis rosa! Eine Ideale Handtasche f\u00fcr jeden Anlass &#8211; ob zum Dirndl oder zur Abendgaderobe, Sie haben alles was Sie brauchen dabei. Die Kette zum Umh\u00e4ngen l\u00e4sst sich bequem mit Minikarabiner abmontieren.<\/p>\n","protected":false},"excerpt":{"rendered":"<p>Diese Samttasche passt sich im Farbton perfekt zu Ihrem Outfit an &#8211; von lachs bis rosa! Eine Ideale Handtasche f\u00fcr jeden Anlass &#8211; ob&#8230;<\/p>\n","protected":false},"featured_media":321272,"template":"","meta":{"_acf_changed":false},"product_brand":[],"product_cat":[48,58],"product_tag":[2356],"class_list":{"0":"post-321271","1":"product","2":"type-product","3":"status-publish","4":"has-post-thumbnail","6":"pricegroup-322","7":"pricegroup-202","8":"productgroup-204","9":"productgroup-323","10":"product_cat-damentracht","11":"product_cat-schuhe-taschen","12":"product_tag-tasche","14":"first","15":"instock","16":"taxable","17":"shipping-taxable","18":"purchasable","19":"product-type-simple"},"acf":[],"jetpack_sharing_enabled":true,"_links":{"self":[{"href":"https:\/\/www.salzburgerheimatwerk.at\/en\/wp-json\/wp\/v2\/product\/321271","targetHints":{"allow":["GET"]}}],"collection":[{"href":"https:\/\/www.salzburgerheimatwerk.at\/en\/wp-json\/wp\/v2\/product"}],"about":[{"href":"https:\/\/www.salzburgerheimatwerk.at\/en\/wp-json\/wp\/v2\/types\/product"}],"wp:featuredmedia":[{"embeddable":true,"href":"https:\/\/www.salzburgerheimatwerk.at\/en\/wp-json\/wp\/v2\/media\/321272"}],"wp:attachment":[{"href":"https:\/\/www.salzburgerheimatwerk.at\/en\/wp-json\/wp\/v2\/media?parent=321271"}],"wp:term":[{"taxonomy":"product_brand","embeddable":true,"href":"https:\/\/www.salzburgerheimatwerk.at\/en\/wp-json\/wp\/v2\/product_brand?post=321271"},{"taxonomy":"product_cat","embeddable":true,"href":"https:\/\/www.salzburgerheimatwerk.at\/en\/wp-json\/wp\/v2\/product_cat?post=321271"},{"taxonomy":"product_tag","embeddable":true,"href":"https:\/\/www.salzburgerheimatwerk.at\/en\/wp-json\/wp\/v2\/product_tag?post=321271"}],"curies":[{"name":"wp","href":"https:\/\/api.w.org\/{rel}","templated":true}]}}