{"id":321339,"date":"2024-10-03T08:16:25","date_gmt":"2024-10-03T06:16:25","guid":{"rendered":"https:\/\/www.salzburgerheimatwerk.at\/produkt\/salzburger-heimatwerk-dirndl-kathi\/"},"modified":"2026-04-28T18:27:10","modified_gmt":"2026-04-28T16:27:10","slug":"salzburger-heimatwerk-dirndl-kathi","status":"publish","type":"product","link":"https:\/\/www.salzburgerheimatwerk.at\/en\/produkt\/salzburger-heimatwerk-dirndl-kathi\/","title":{"rendered":"Heimatwerk Dirndl Kathi"},"content":{"rendered":"<p>Dieses Heimatwerk Dirndl ist der perfekte Begleiter das ganze Jahr \u00fcber. Das Oberteil ist im Miederschnitt aus dunkelblauem Leinen gefertigt mit Hakenverschluss. Der Ausschnitt ist in gr\u00fcnem Leinen eingefasst und passt so zum Rock aus herrlichem Baumwoll-Tupf in gr\u00fcn mit einer 70er L\u00e4nge gen\u00e4ht und im 6 Bahnen Schnitt gearbeitet. Der Saum ist mit einem Paspelband perfekt gearbeitet. Die Baumwoll-Satinsch\u00fcrze ist in einem blumen-paisley Muster in den Farben blau\/ gr\u00fcn gedruckt und erg\u00e4nzt das wertige Ensemble hervorragend und macht es zu einem Lieblingsst\u00fcck. Qualit\u00e4t auf der ganzen Linie, die man sieht und sp\u00fcrt.<\/p>\n","protected":false},"excerpt":{"rendered":"<p>Dieses Heimatwerk Dirndl ist der perfekte Begleiter das ganze Jahr \u00fcber. Das Oberteil ist im Miederschnitt aus dunkelblauem Leinen gefertigt mit Hakenverschluss. Der Ausschnitt&#8230;<\/p>\n","protected":false},"featured_media":329424,"template":"","meta":{"_acf_changed":false},"product_brand":[],"product_cat":[48,49],"product_tag":[2418],"class_list":{"0":"post-321339","1":"product","2":"type-product","3":"status-publish","4":"has-post-thumbnail","6":"pricegroup-312","7":"pricegroup-202","8":"productgroup-313","9":"productgroup-204","10":"product_cat-damentracht","11":"product_cat-dirndl-kleider","12":"product_tag-dirndl-kathi","13":"pa_farbe-blau","14":"pa_farbe-gruen","15":"pa_farbe-mehrfarbig","17":"first","18":"instock","19":"taxable","20":"shipping-taxable","21":"purchasable","22":"product-type-variable","23":"has-default-attributes"},"acf":[],"jetpack_sharing_enabled":true,"_links":{"self":[{"href":"https:\/\/www.salzburgerheimatwerk.at\/en\/wp-json\/wp\/v2\/product\/321339","targetHints":{"allow":["GET"]}}],"collection":[{"href":"https:\/\/www.salzburgerheimatwerk.at\/en\/wp-json\/wp\/v2\/product"}],"about":[{"href":"https:\/\/www.salzburgerheimatwerk.at\/en\/wp-json\/wp\/v2\/types\/product"}],"wp:featuredmedia":[{"embeddable":true,"href":"https:\/\/www.salzburgerheimatwerk.at\/en\/wp-json\/wp\/v2\/media\/329424"}],"wp:attachment":[{"href":"https:\/\/www.salzburgerheimatwerk.at\/en\/wp-json\/wp\/v2\/media?parent=321339"}],"wp:term":[{"taxonomy":"product_brand","embeddable":true,"href":"https:\/\/www.salzburgerheimatwerk.at\/en\/wp-json\/wp\/v2\/product_brand?post=321339"},{"taxonomy":"product_cat","embeddable":true,"href":"https:\/\/www.salzburgerheimatwerk.at\/en\/wp-json\/wp\/v2\/product_cat?post=321339"},{"taxonomy":"product_tag","embeddable":true,"href":"https:\/\/www.salzburgerheimatwerk.at\/en\/wp-json\/wp\/v2\/product_tag?post=321339"}],"curies":[{"name":"wp","href":"https:\/\/api.w.org\/{rel}","templated":true}]}}