{"id":321350,"date":"2024-10-03T08:16:31","date_gmt":"2024-10-03T06:16:31","guid":{"rendered":"https:\/\/www.salzburgerheimatwerk.at\/produkt\/strickblazer-mit-nerz\/"},"modified":"2026-04-28T18:27:11","modified_gmt":"2026-04-28T16:27:11","slug":"strickblazer-mit-nerz","status":"publish","type":"product","link":"https:\/\/www.salzburgerheimatwerk.at\/en\/produkt\/strickblazer-mit-nerz\/","title":{"rendered":"Strickblazer mit Nerz"},"content":{"rendered":"<p>Gehrock von Mirabell Salzburg aus reiner Schurwolle in mel\u00e9 rosa. Der Stehkragen schmiegt sich perfekt an den Hals an und ist mit weichem Nerz eingefasst. Die Eingrifftaschen f\u00fcgen sich perfekt in die Silouette ein.  Goldene Metallkn\u00f6pfe erg\u00e4nzen den eleganten Look \u2013 R\u00fcckenl\u00e4nge ca. 80cm<br \/>\nperfekt zu Hosen oder schmalen R\u00f6cken<\/p>\n","protected":false},"excerpt":{"rendered":"<p>Gehrock von Mirabell Salzburg aus reiner Schurwolle in mel\u00e9 rosa. Der Stehkragen schmiegt sich perfekt an den Hals an und ist mit weichem Nerz&#8230;<\/p>\n","protected":false},"featured_media":325782,"template":"","meta":{"_acf_changed":false},"product_brand":[],"product_cat":[48,53],"product_tag":[2419],"class_list":{"0":"post-321350","1":"product","2":"type-product","3":"status-publish","4":"has-post-thumbnail","6":"pricegroup-202","7":"pricegroup-232","8":"productgroup-233","9":"productgroup-204","10":"product_cat-damentracht","11":"product_cat-strick-walk","12":"product_tag-strickjacke-mit-nerz","13":"pa_farbe-pink","15":"first","16":"instock","17":"taxable","18":"shipping-taxable","19":"purchasable","20":"product-type-variable","21":"has-default-attributes"},"acf":[],"jetpack_sharing_enabled":true,"_links":{"self":[{"href":"https:\/\/www.salzburgerheimatwerk.at\/en\/wp-json\/wp\/v2\/product\/321350","targetHints":{"allow":["GET"]}}],"collection":[{"href":"https:\/\/www.salzburgerheimatwerk.at\/en\/wp-json\/wp\/v2\/product"}],"about":[{"href":"https:\/\/www.salzburgerheimatwerk.at\/en\/wp-json\/wp\/v2\/types\/product"}],"wp:featuredmedia":[{"embeddable":true,"href":"https:\/\/www.salzburgerheimatwerk.at\/en\/wp-json\/wp\/v2\/media\/325782"}],"wp:attachment":[{"href":"https:\/\/www.salzburgerheimatwerk.at\/en\/wp-json\/wp\/v2\/media?parent=321350"}],"wp:term":[{"taxonomy":"product_brand","embeddable":true,"href":"https:\/\/www.salzburgerheimatwerk.at\/en\/wp-json\/wp\/v2\/product_brand?post=321350"},{"taxonomy":"product_cat","embeddable":true,"href":"https:\/\/www.salzburgerheimatwerk.at\/en\/wp-json\/wp\/v2\/product_cat?post=321350"},{"taxonomy":"product_tag","embeddable":true,"href":"https:\/\/www.salzburgerheimatwerk.at\/en\/wp-json\/wp\/v2\/product_tag?post=321350"}],"curies":[{"name":"wp","href":"https:\/\/api.w.org\/{rel}","templated":true}]}}