{"id":321369,"date":"2024-10-03T08:16:47","date_gmt":"2024-10-03T06:16:47","guid":{"rendered":"https:\/\/www.salzburgerheimatwerk.at\/produkt\/stretchstiefel-aus-ziegenvlour\/"},"modified":"2026-04-28T20:25:13","modified_gmt":"2026-04-28T18:25:13","slug":"stretchstiefel-aus-ziegenvlour","status":"publish","type":"product","link":"https:\/\/www.salzburgerheimatwerk.at\/en\/produkt\/stretchstiefel-aus-ziegenvlour\/","title":{"rendered":"Stretchstiefel Overknee dunkelblau"},"content":{"rendered":"<p>Wundersch\u00f6ner Lederstiefel im Overknee Stil aus dunkelblauem Ziegenvelour Leder und rutschfester Gummisohle. Dieser Stiefel ist der perfekte Begleiter f\u00fcr die kalte Jahreszeit und passt hervorragend zu Kleidern, R\u00f6cken oder Dirndl. Durch den Stretchanteil h\u00e4lt er auch sehr gut an der Wade.<\/p>\n","protected":false},"excerpt":{"rendered":"<p>Wundersch\u00f6ner Lederstiefel im Overknee Stil aus dunkelblauem Ziegenvelour Leder und rutschfester Gummisohle. Dieser Stiefel ist der perfekte Begleiter f\u00fcr die kalte Jahreszeit und passt&#8230;<\/p>\n","protected":false},"featured_media":343773,"template":"","meta":{"_acf_changed":false},"product_brand":[],"product_cat":[48,58],"product_tag":[2420],"class_list":{"0":"post-321369","1":"product","2":"type-product","3":"status-publish","4":"has-post-thumbnail","6":"pricegroup-354","7":"pricegroup-202","8":"productgroup-204","9":"productgroup-355","10":"product_cat-damentracht","11":"product_cat-schuhe-taschen","12":"product_tag-stretchstiefel","13":"pa_farbe-blau","15":"first","16":"instock","17":"taxable","18":"shipping-taxable","19":"purchasable","20":"product-type-variable","21":"has-default-attributes"},"acf":[],"jetpack_sharing_enabled":true,"_links":{"self":[{"href":"https:\/\/www.salzburgerheimatwerk.at\/en\/wp-json\/wp\/v2\/product\/321369","targetHints":{"allow":["GET"]}}],"collection":[{"href":"https:\/\/www.salzburgerheimatwerk.at\/en\/wp-json\/wp\/v2\/product"}],"about":[{"href":"https:\/\/www.salzburgerheimatwerk.at\/en\/wp-json\/wp\/v2\/types\/product"}],"wp:featuredmedia":[{"embeddable":true,"href":"https:\/\/www.salzburgerheimatwerk.at\/en\/wp-json\/wp\/v2\/media\/343773"}],"wp:attachment":[{"href":"https:\/\/www.salzburgerheimatwerk.at\/en\/wp-json\/wp\/v2\/media?parent=321369"}],"wp:term":[{"taxonomy":"product_brand","embeddable":true,"href":"https:\/\/www.salzburgerheimatwerk.at\/en\/wp-json\/wp\/v2\/product_brand?post=321369"},{"taxonomy":"product_cat","embeddable":true,"href":"https:\/\/www.salzburgerheimatwerk.at\/en\/wp-json\/wp\/v2\/product_cat?post=321369"},{"taxonomy":"product_tag","embeddable":true,"href":"https:\/\/www.salzburgerheimatwerk.at\/en\/wp-json\/wp\/v2\/product_tag?post=321369"}],"curies":[{"name":"wp","href":"https:\/\/api.w.org\/{rel}","templated":true}]}}