{"id":321377,"date":"2024-10-03T08:16:50","date_gmt":"2024-10-03T06:16:50","guid":{"rendered":"https:\/\/www.salzburgerheimatwerk.at\/produkt\/damenjacke-aus-loden-2\/"},"modified":"2026-04-28T18:27:08","modified_gmt":"2026-04-28T16:27:08","slug":"damenjacke-aus-loden-2","status":"publish","type":"product","link":"https:\/\/www.salzburgerheimatwerk.at\/en\/produkt\/damenjacke-aus-loden-2\/","title":{"rendered":"Damenjacke aus Loden"},"content":{"rendered":"<p>Femininer Damenblazer in hellblau mit Stehkragen in dunkelblau mit einem gr\u00fcnen Passepoil. Die Eingrifftaschen sind wie der Kragen in den zwei Farben gearbeitet.  Die Passepoile Knopfl\u00f6cher in gr\u00fcn setzten die Metallkn\u00f6pfe perfekt in Szene, der taillierter Schnitt hat eine L\u00e4nge von ca. 60cm mit einem kurzen Schlitz in der R\u00fcckenmitte. Der \u00c4rmelabschlu\u00df ist auch mit dunkelblau hinterlegt, womit sich ein weiter Blickfang ergibt.<br \/>\nOberstoff 100% Schurwolle, teilweise gef\u00fcttert.<\/p>\n","protected":false},"excerpt":{"rendered":"<p>Femininer Damenblazer in hellblau mit Stehkragen in dunkelblau mit einem gr\u00fcnen Passepoil. Die Eingrifftaschen sind wie der Kragen in den zwei Farben gearbeitet. &#8230;<\/p>\n","protected":false},"featured_media":325795,"template":"","meta":{"_acf_changed":false},"product_brand":[],"product_cat":[304,48],"product_tag":[309],"class_list":{"0":"post-321377","1":"product","2":"type-product","3":"status-publish","4":"has-post-thumbnail","6":"pricegroup-302","7":"pricegroup-202","8":"productgroup-303","9":"productgroup-204","10":"product_cat-jacken-maentel-damentracht","11":"product_cat-damentracht","12":"product_tag-damenjacke","13":"pa_farbe-blau","15":"first","16":"instock","17":"taxable","18":"shipping-taxable","19":"purchasable","20":"product-type-variable","21":"has-default-attributes"},"acf":[],"jetpack_sharing_enabled":true,"_links":{"self":[{"href":"https:\/\/www.salzburgerheimatwerk.at\/en\/wp-json\/wp\/v2\/product\/321377","targetHints":{"allow":["GET"]}}],"collection":[{"href":"https:\/\/www.salzburgerheimatwerk.at\/en\/wp-json\/wp\/v2\/product"}],"about":[{"href":"https:\/\/www.salzburgerheimatwerk.at\/en\/wp-json\/wp\/v2\/types\/product"}],"wp:featuredmedia":[{"embeddable":true,"href":"https:\/\/www.salzburgerheimatwerk.at\/en\/wp-json\/wp\/v2\/media\/325795"}],"wp:attachment":[{"href":"https:\/\/www.salzburgerheimatwerk.at\/en\/wp-json\/wp\/v2\/media?parent=321377"}],"wp:term":[{"taxonomy":"product_brand","embeddable":true,"href":"https:\/\/www.salzburgerheimatwerk.at\/en\/wp-json\/wp\/v2\/product_brand?post=321377"},{"taxonomy":"product_cat","embeddable":true,"href":"https:\/\/www.salzburgerheimatwerk.at\/en\/wp-json\/wp\/v2\/product_cat?post=321377"},{"taxonomy":"product_tag","embeddable":true,"href":"https:\/\/www.salzburgerheimatwerk.at\/en\/wp-json\/wp\/v2\/product_tag?post=321377"}],"curies":[{"name":"wp","href":"https:\/\/api.w.org\/{rel}","templated":true}]}}