{"id":321409,"date":"2024-10-03T08:18:02","date_gmt":"2024-10-03T06:18:02","guid":{"rendered":"https:\/\/www.salzburgerheimatwerk.at\/produkt\/cordkleid-beere\/"},"modified":"2026-04-28T18:27:10","modified_gmt":"2026-04-28T16:27:10","slug":"cordkleid-beere","status":"publish","type":"product","link":"https:\/\/www.salzburgerheimatwerk.at\/en\/produkt\/cordkleid-beere\/","title":{"rendered":"Cordkleid Beere"},"content":{"rendered":"<p>Modern interpretiertes Pfoad-Kleid aus breiten Schn\u00fcrlsamt in einem beeren Ton. Durch die Natur-F\u00e4rbung entsteht ein Mel\u00e9 Effekt, der die reine Baumwolle lebendig wirken l\u00e4sst. Eingrifftaschen erg\u00e4nzen den l\u00e4ssigen Look. R\u00fcckenl\u00e4nge ca. 95cm.<\/p>\n","protected":false},"excerpt":{"rendered":"<p>Modern interpretiertes Pfoad-Kleid aus breiten Schn\u00fcrlsamt in einem beeren Ton. Durch die Natur-F\u00e4rbung entsteht ein Mel\u00e9 Effekt, der die reine Baumwolle lebendig wirken l\u00e4sst&#8230;.<\/p>\n","protected":false},"featured_media":325800,"template":"","meta":{"_acf_changed":false},"product_brand":[],"product_cat":[48,49],"product_tag":[2422],"class_list":{"0":"post-321409","1":"product","2":"type-product","3":"status-publish","4":"has-post-thumbnail","6":"pricegroup-298","7":"pricegroup-202","8":"productgroup-299","9":"productgroup-204","10":"product_cat-damentracht","11":"product_cat-dirndl-kleider","12":"product_tag-damencordkleid","13":"pa_farbe-pink","15":"first","16":"instock","17":"taxable","18":"shipping-taxable","19":"purchasable","20":"product-type-variable","21":"has-default-attributes"},"acf":[],"jetpack_sharing_enabled":true,"_links":{"self":[{"href":"https:\/\/www.salzburgerheimatwerk.at\/en\/wp-json\/wp\/v2\/product\/321409","targetHints":{"allow":["GET"]}}],"collection":[{"href":"https:\/\/www.salzburgerheimatwerk.at\/en\/wp-json\/wp\/v2\/product"}],"about":[{"href":"https:\/\/www.salzburgerheimatwerk.at\/en\/wp-json\/wp\/v2\/types\/product"}],"wp:featuredmedia":[{"embeddable":true,"href":"https:\/\/www.salzburgerheimatwerk.at\/en\/wp-json\/wp\/v2\/media\/325800"}],"wp:attachment":[{"href":"https:\/\/www.salzburgerheimatwerk.at\/en\/wp-json\/wp\/v2\/media?parent=321409"}],"wp:term":[{"taxonomy":"product_brand","embeddable":true,"href":"https:\/\/www.salzburgerheimatwerk.at\/en\/wp-json\/wp\/v2\/product_brand?post=321409"},{"taxonomy":"product_cat","embeddable":true,"href":"https:\/\/www.salzburgerheimatwerk.at\/en\/wp-json\/wp\/v2\/product_cat?post=321409"},{"taxonomy":"product_tag","embeddable":true,"href":"https:\/\/www.salzburgerheimatwerk.at\/en\/wp-json\/wp\/v2\/product_tag?post=321409"}],"curies":[{"name":"wp","href":"https:\/\/api.w.org\/{rel}","templated":true}]}}