{"id":321493,"date":"2024-10-04T08:16:26","date_gmt":"2024-10-04T06:16:26","guid":{"rendered":"https:\/\/www.salzburgerheimatwerk.at\/produkt\/herrenjacke-bordeaux\/"},"modified":"2026-04-28T18:27:10","modified_gmt":"2026-04-28T16:27:10","slug":"herrenjacke-bordeaux","status":"publish","type":"product","link":"https:\/\/www.salzburgerheimatwerk.at\/en\/produkt\/herrenjacke-bordeaux\/","title":{"rendered":"Herrenjacke bordeaux"},"content":{"rendered":"<p>Sch\u00f6ne Herrenjoppe in weinrot aus Loden mit Stehkragen in der klassisch gr\u00fcnen Kombination. Hirschhornkn\u00f6pfen, gr\u00fcn abgesetzte Pattentaschen und auch bei den \u00c4rmeln einen Passepoil in gr\u00fcn als besonderes Detail. Der R\u00fccken ist glatt und wird mit einem Dragoner in Szene gesetzt. Dieser ist auch gr\u00fcn passepoiliert. Ein Sakko f\u00fcr jeden Anlass mit dem Sie immer richtig gekleidet sind.<\/p>\n","protected":false},"excerpt":{"rendered":"<p>Sch\u00f6ne Herrenjoppe in weinrot aus Loden mit Stehkragen in der klassisch gr\u00fcnen Kombination. Hirschhornkn\u00f6pfen, gr\u00fcn abgesetzte Pattentaschen und auch bei den \u00c4rmeln einen Passepoil&#8230;<\/p>\n","protected":false},"featured_media":343805,"template":"","meta":{"_acf_changed":false},"product_brand":[],"product_cat":[61,1222,59],"product_tag":[853],"class_list":{"0":"post-321493","1":"product","2":"type-product","3":"status-publish","4":"has-post-thumbnail","6":"pricegroup-850","7":"pricegroup-166","8":"productgroup-851","9":"productgroup-174","10":"product_cat-jacken-maentel","11":"product_cat-sakko","12":"product_cat-herrentracht","13":"product_tag-herrenjacke","14":"pa_farbe-rot","16":"first","17":"instock","18":"taxable","19":"shipping-taxable","20":"purchasable","21":"product-type-variable","22":"has-default-attributes"},"acf":[],"jetpack_sharing_enabled":true,"_links":{"self":[{"href":"https:\/\/www.salzburgerheimatwerk.at\/en\/wp-json\/wp\/v2\/product\/321493","targetHints":{"allow":["GET"]}}],"collection":[{"href":"https:\/\/www.salzburgerheimatwerk.at\/en\/wp-json\/wp\/v2\/product"}],"about":[{"href":"https:\/\/www.salzburgerheimatwerk.at\/en\/wp-json\/wp\/v2\/types\/product"}],"wp:featuredmedia":[{"embeddable":true,"href":"https:\/\/www.salzburgerheimatwerk.at\/en\/wp-json\/wp\/v2\/media\/343805"}],"wp:attachment":[{"href":"https:\/\/www.salzburgerheimatwerk.at\/en\/wp-json\/wp\/v2\/media?parent=321493"}],"wp:term":[{"taxonomy":"product_brand","embeddable":true,"href":"https:\/\/www.salzburgerheimatwerk.at\/en\/wp-json\/wp\/v2\/product_brand?post=321493"},{"taxonomy":"product_cat","embeddable":true,"href":"https:\/\/www.salzburgerheimatwerk.at\/en\/wp-json\/wp\/v2\/product_cat?post=321493"},{"taxonomy":"product_tag","embeddable":true,"href":"https:\/\/www.salzburgerheimatwerk.at\/en\/wp-json\/wp\/v2\/product_tag?post=321493"}],"curies":[{"name":"wp","href":"https:\/\/api.w.org\/{rel}","templated":true}]}}