{"id":326246,"date":"2024-10-09T08:44:02","date_gmt":"2024-10-09T06:44:02","guid":{"rendered":"https:\/\/www.salzburgerheimatwerk.at\/produkt\/herrenjacke-salzburger-2\/"},"modified":"2026-04-28T20:25:10","modified_gmt":"2026-04-28T18:25:10","slug":"herrenjacke-salzburger-2","status":"publish","type":"product","link":"https:\/\/www.salzburgerheimatwerk.at\/en\/produkt\/herrenjacke-salzburger-2\/","title":{"rendered":"Herrenjacke &#8220;Salzburger&#8221;"},"content":{"rendered":"<p>Hochgeschlossener Salzburger Janker, anthrazit mit tannengr\u00fcnem Fresko-Besatz und 4 Paspeltaschen. R\u00fccken mit Quetschfalte und Tragonder. Jaquard-Futter mit &#8220;Lodenfrey&#8221; Schriftzug.<br \/>\nL\u00e4nge: 75cm, Schurwoll-Fresko.<br \/>\nAls Anzug mit passender Anzughose kombinierbar.<br \/>\nHochwertige Verarbeitung und komplett gef\u00fcttert.<\/p>\n","protected":false},"excerpt":{"rendered":"<p>Hochgeschlossener Salzburger Janker, anthrazit mit tannengr\u00fcnem Fresko-Besatz und 4 Paspeltaschen. R\u00fccken mit Quetschfalte und Tragonder. Jaquard-Futter mit &#8220;Lodenfrey&#8221; Schriftzug.  L\u00e4nge: 75cm, Schurwoll-Fresko. &#8230;<\/p>\n","protected":false},"featured_media":343740,"template":"","meta":{"_acf_changed":false},"product_brand":[],"product_cat":[1222,59,61],"product_tag":[853],"class_list":{"0":"post-326246","1":"product","2":"type-product","3":"status-publish","4":"has-post-thumbnail","6":"pricegroup-166","7":"pricegroup-850","8":"productgroup-174","9":"productgroup-851","10":"product_cat-sakko","11":"product_cat-herrentracht","12":"product_cat-jacken-maentel","13":"product_tag-herrenjacke","14":"pa_farbe-grau","16":"first","17":"instock","18":"taxable","19":"shipping-taxable","20":"purchasable","21":"product-type-variable","22":"has-default-attributes"},"acf":[],"jetpack_sharing_enabled":true,"_links":{"self":[{"href":"https:\/\/www.salzburgerheimatwerk.at\/en\/wp-json\/wp\/v2\/product\/326246","targetHints":{"allow":["GET"]}}],"collection":[{"href":"https:\/\/www.salzburgerheimatwerk.at\/en\/wp-json\/wp\/v2\/product"}],"about":[{"href":"https:\/\/www.salzburgerheimatwerk.at\/en\/wp-json\/wp\/v2\/types\/product"}],"wp:featuredmedia":[{"embeddable":true,"href":"https:\/\/www.salzburgerheimatwerk.at\/en\/wp-json\/wp\/v2\/media\/343740"}],"wp:attachment":[{"href":"https:\/\/www.salzburgerheimatwerk.at\/en\/wp-json\/wp\/v2\/media?parent=326246"}],"wp:term":[{"taxonomy":"product_brand","embeddable":true,"href":"https:\/\/www.salzburgerheimatwerk.at\/en\/wp-json\/wp\/v2\/product_brand?post=326246"},{"taxonomy":"product_cat","embeddable":true,"href":"https:\/\/www.salzburgerheimatwerk.at\/en\/wp-json\/wp\/v2\/product_cat?post=326246"},{"taxonomy":"product_tag","embeddable":true,"href":"https:\/\/www.salzburgerheimatwerk.at\/en\/wp-json\/wp\/v2\/product_tag?post=326246"}],"curies":[{"name":"wp","href":"https:\/\/api.w.org\/{rel}","templated":true}]}}