{"id":326307,"date":"2024-10-09T08:46:27","date_gmt":"2024-10-09T06:46:27","guid":{"rendered":"https:\/\/www.salzburgerheimatwerk.at\/produkt\/suesses-backen-backen-mit-christina\/"},"modified":"2026-04-28T19:17:01","modified_gmt":"2026-04-28T17:17:01","slug":"suesses-backen-backen-mit-christina","status":"publish","type":"product","link":"https:\/\/www.salzburgerheimatwerk.at\/en\/produkt\/suesses-backen-backen-mit-christina\/","title":{"rendered":"S\u00fc\u00dfes Backen &#8211; Backen mit Christina"},"content":{"rendered":"<p>Gem\u00fctlich zusammensitzen, der Kaffee dampft in der Tasse und du genie\u00dft die erste Gabel des frischen Bienenstiches &#8211; der perfekte Samstagnachmittag. Oder jeder andere Tag, denn sind wir mal ehrlich: Etwas S\u00fc\u00dfes geht immer. Und selbstgemacht schmeckt&#8217;s gleich doppelt so gut. Das findet auch Christina Bauer, in deren Familie es selten Einspruch gegen Schokocroissants, Beerent\u00f6rtchen, einen Teller mit Schoko-Apfel-Roulade oder ein L\u00f6ffelchen vom flaumig-zarten Souffl\u00e9 gibt. Klingt gut? Dann streusel dir an Christinas Seite den Crumble zurecht, setz deinen s\u00fc\u00dfesten Erdbeertraum auf die Kuchenplatte und swirle dich ins Cheesecake-Universum. Vom Back-Einmaleins \u00fcber simple Grundteigrezepte bis hin zu praktischen Alltagstipps bietet dieses Buch alles, was du f\u00fcr die zarteste Form des Backens wissen musst. Lass dir von Christina mit mehr als 70 genialen Rezeptideen den Alltag vers\u00fc\u00dfen.<br \/>\nUnd jetzt: Backbuch aufschlagen, \u00fcber 70 x &#8216;Mmh, klingt das gut!&#8217; denken und loslegen<br \/>\nDer schwierigste Schritt am Backen? Eindeutig: das n\u00e4chste Rezept auszuw\u00e4hlen. Aber pssst \u2026 es gibt nur richtige Entscheidungen! Zum Beispiel f\u00fcr Mini-Baumkuchen oder Mohnschnecken &#8211; perfekt zum Mitnehmen oder f\u00fcr die kleine Kaffeerunde. Und wenn sich die ganze Familie ank\u00fcndigt, d\u00fcrfen dann schon mal die gro\u00dfen Klassiker auf den Tisch kommen: Eine Feier ohne Schoko-Kirsch-Kuchen? Ohne Gugelhupf mit Mohn, Vollkornmehl oder in Zebramuster? Nur das halbe Vergn\u00fcgen! Und beim n\u00e4chsten Geburtstag \u00fcberrascht du mit einer Regenbogentorte. Doch wie gelingt gleich nochmal die luftig-lockerste Creme? Die glatteste Glasur? Mit Christina Bauers supereinfachen Schritt-f\u00fcr-Schritt-Anleitungen wird all das deine leichteste \u00dcbung. Und selbst wenn es mal nicht so l\u00e4uft, wie erwartet, findest du in diesem Buch die wichtigsten Tipps f\u00fcr ein schnelle Abhilfe.<\/p>\n<p>Schon bereit f\u00fcr ein Dessert?<br \/>\nWas einen sch\u00f6nen Tag noch sch\u00f6ner und einen nicht so guten definitiv besser macht? Eine unkomplizierte Nachspeise, die genau deinen Geschmack trifft und ruckzuck vorbereitet ist. Es sind noch Kuchen- oder Keksbr\u00f6sel vom letzten Mal \u00fcbrig? Umso besser: Dann kannst du auch daraus eine s\u00fc\u00dfe \u00dcberraschung zaubern. Hast du schon mal von Kuchenpralinen geh\u00f6rt? Oder bist du eher Team Eispalatschinken? Egal, wof\u00fcr du dich entscheidest, die wunschlos gl\u00fccklichen G\u00e4ste sind dir jedenfalls sicher.<\/p>\n<p>&#8211; Alles unter einer Tortenhaube: Christina Bauer hat ein Standardwerk f\u00fcr S\u00fc\u00dfes geschaffen und bleibt dabei ihrem Ansatz treu: wenige Grundzutaten, einfache Anleitungen &#8211; endlose M\u00f6glichkeiten. Mach deine K\u00fcche zur Zuckerb\u00e4ckerei und kreiere saftigsten R\u00fchrteig, klassischen Biskuit-, Bl\u00e4tter- und Brandteig oder luftiges Baiser-Geb\u00e4ck.<br \/>\n&#8211; F\u00fcr Naschkatzen und S\u00fc\u00dfm\u00e4ulchen: Wie w\u00e4re es mit m\u00fcrbem Johannisbeer-Streuselkuchen, zuckrigen Churros, franz\u00f6sischen Eclairs oder herrlich einfachen Schokowaffeln? Egal, ob f\u00fcr den spontanen Kaffeebesuch, die ganz besondere Geburtstagstorte oder den kr\u00f6nenden Abschluss eines gelungenen Familienessens &#8211; hier findest du das Rezept daf\u00fcr.<br \/>\n&#8211; T\u00f6rtchen, Mini-Kuchen, Cupcakes, Desserts: Neben gebackenen All-time-Favorites, Besonderheiten wie Waldfrucht-Naked-Cake und unkomplizierten No-Bake-Rezepten bietet dir dieses Buch auch kleine H\u00e4ppchen und unwiderstehlich zarte Mousse au Chocolat, schokoladiges Tiramisu sowie k\u00f6stlich-warme Grie\u00dfflammeri zum Losl\u00f6ffeln.<\/p>\n","protected":false},"excerpt":{"rendered":"<p>Gem\u00fctlich zusammensitzen, der Kaffee dampft in der Tasse und du genie\u00dft die erste Gabel des frischen Bienenstiches &#8211; der perfekte Samstagnachmittag. Oder jeder andere&#8230;<\/p>\n","protected":false},"featured_media":326719,"template":"","meta":{"_acf_changed":false},"product_brand":[],"product_cat":[1218,1219],"product_tag":[2424],"class_list":{"0":"post-326307","1":"product","2":"type-product","3":"status-publish","4":"has-post-thumbnail","6":"pricegroup-1171","7":"pricegroup-1331","8":"productgroup-1173","9":"productgroup-1332","10":"product_cat-buecher-cds","11":"product_cat-buecher-buecher-cds","12":"product_tag-suesses-backen-christina-bauer","14":"first","15":"instock","16":"taxable","17":"shipping-taxable","18":"purchasable","19":"product-type-simple"},"acf":[],"jetpack_sharing_enabled":true,"_links":{"self":[{"href":"https:\/\/www.salzburgerheimatwerk.at\/en\/wp-json\/wp\/v2\/product\/326307","targetHints":{"allow":["GET"]}}],"collection":[{"href":"https:\/\/www.salzburgerheimatwerk.at\/en\/wp-json\/wp\/v2\/product"}],"about":[{"href":"https:\/\/www.salzburgerheimatwerk.at\/en\/wp-json\/wp\/v2\/types\/product"}],"wp:featuredmedia":[{"embeddable":true,"href":"https:\/\/www.salzburgerheimatwerk.at\/en\/wp-json\/wp\/v2\/media\/326719"}],"wp:attachment":[{"href":"https:\/\/www.salzburgerheimatwerk.at\/en\/wp-json\/wp\/v2\/media?parent=326307"}],"wp:term":[{"taxonomy":"product_brand","embeddable":true,"href":"https:\/\/www.salzburgerheimatwerk.at\/en\/wp-json\/wp\/v2\/product_brand?post=326307"},{"taxonomy":"product_cat","embeddable":true,"href":"https:\/\/www.salzburgerheimatwerk.at\/en\/wp-json\/wp\/v2\/product_cat?post=326307"},{"taxonomy":"product_tag","embeddable":true,"href":"https:\/\/www.salzburgerheimatwerk.at\/en\/wp-json\/wp\/v2\/product_tag?post=326307"}],"curies":[{"name":"wp","href":"https:\/\/api.w.org\/{rel}","templated":true}]}}