{"id":326309,"date":"2024-10-09T08:46:27","date_gmt":"2024-10-09T06:46:27","guid":{"rendered":"https:\/\/www.salzburgerheimatwerk.at\/produkt\/poesie-des-kochens-weyringer\/"},"modified":"2026-04-28T18:26:48","modified_gmt":"2026-04-28T16:26:48","slug":"poesie-des-kochens-weyringer","status":"publish","type":"product","link":"https:\/\/www.salzburgerheimatwerk.at\/en\/produkt\/poesie-des-kochens-weyringer\/","title":{"rendered":"Poesie des Kochens Weyringer"},"content":{"rendered":"<p>Schon wieder ein Kochbuch!?<\/p>\n<p>Nein, kein Kochbuch \u2013 ein Kochkunstbuch. Oder ein Kunstkochbuch. Was Sie darin erwartet? Farbenpr\u00e4chtige, sinnliche \u00fcppig-irdische Malerei, literarische Geschichten, die durch Welten, Zeiten, Mythen f\u00fchren. Und vor allem Gerichte, die man sich schon beim blo\u00dfen Betrachten und Nachlesen der Rezepte auf der Zunge zergehen lassen kann.<\/p>\n<p>Emanuel Weyringer, welterfahrener Haubenkoch, der in Henndorf am Wallersee bei Salzburg sein eigenes Restaurant betreibt, hat sich seine Koch-Fertigkeiten in den namhaftesten Restaurants in Europa und Asien erworben und zu kulinarischer H\u00f6chstform weiterentwickelt. All diese speziellen Erfahrungen und Geschmacks-Entdeckungen bringt er in seine eigenwilligen, fantasievollen und trotzdem nachkochbaren Gerichte ein.<\/p>\n<p>Die Kunst in diesem au\u00dfergew\u00f6hnlichen Band steuert Emanuels Vater Johann Weyringer, einer der erfolgreichsten und vielseitigsten Maler, Zeichner und Bildhauer \u00d6sterreichs bei.<br \/>\nDer renommierte Salzburger Schriftsteller Walter M\u00fcller rundet Johann Weyringers Kunstwerke und Emanuel Weyringers Rezepte mit seinen Geschichten zu den Gerichten ab, die der sensible Experte f\u00fcr gediegene Kulinarik-Fotos Peter Angerer effektvoll in Szene gesetzt hat.<br \/>\nEin Genuss f\u00fcr alle Sinne!<\/p>\n<p>&#8211; Haubenk\u00fcche zum Nachkochen<br \/>\n&#8211; Kunst und K\u00fcche<br \/>\n&#8211; Genuss f\u00fcr alle Sinne<\/p>\n","protected":false},"excerpt":{"rendered":"<p>Schon wieder ein Kochbuch!?  Nein, kein Kochbuch \u2013 ein Kochkunstbuch. Oder ein Kunstkochbuch. Was Sie darin erwartet? Farbenpr\u00e4chtige, sinnliche \u00fcppig-irdische Malerei, literarische Geschichten,&#8230;<\/p>\n","protected":false},"featured_media":326720,"template":"","meta":{"_acf_changed":false},"product_brand":[],"product_cat":[1218,1219],"product_tag":[2425],"class_list":{"0":"post-326309","1":"product","2":"type-product","3":"status-publish","4":"has-post-thumbnail","6":"pricegroup-1171","7":"pricegroup-1331","8":"productgroup-1332","9":"productgroup-1173","10":"product_cat-buecher-cds","11":"product_cat-buecher-buecher-cds","12":"product_tag-poesie-des-kochens-weyringer","14":"first","15":"instock","16":"taxable","17":"shipping-taxable","18":"purchasable","19":"product-type-simple"},"acf":[],"jetpack_sharing_enabled":true,"_links":{"self":[{"href":"https:\/\/www.salzburgerheimatwerk.at\/en\/wp-json\/wp\/v2\/product\/326309","targetHints":{"allow":["GET"]}}],"collection":[{"href":"https:\/\/www.salzburgerheimatwerk.at\/en\/wp-json\/wp\/v2\/product"}],"about":[{"href":"https:\/\/www.salzburgerheimatwerk.at\/en\/wp-json\/wp\/v2\/types\/product"}],"wp:featuredmedia":[{"embeddable":true,"href":"https:\/\/www.salzburgerheimatwerk.at\/en\/wp-json\/wp\/v2\/media\/326720"}],"wp:attachment":[{"href":"https:\/\/www.salzburgerheimatwerk.at\/en\/wp-json\/wp\/v2\/media?parent=326309"}],"wp:term":[{"taxonomy":"product_brand","embeddable":true,"href":"https:\/\/www.salzburgerheimatwerk.at\/en\/wp-json\/wp\/v2\/product_brand?post=326309"},{"taxonomy":"product_cat","embeddable":true,"href":"https:\/\/www.salzburgerheimatwerk.at\/en\/wp-json\/wp\/v2\/product_cat?post=326309"},{"taxonomy":"product_tag","embeddable":true,"href":"https:\/\/www.salzburgerheimatwerk.at\/en\/wp-json\/wp\/v2\/product_tag?post=326309"}],"curies":[{"name":"wp","href":"https:\/\/api.w.org\/{rel}","templated":true}]}}