{"id":326311,"date":"2024-10-09T08:46:28","date_gmt":"2024-10-09T06:46:28","guid":{"rendered":"https:\/\/www.salzburgerheimatwerk.at\/produkt\/veronikas-backstube-veronika-brudl\/"},"modified":"2026-04-28T14:32:22","modified_gmt":"2026-04-28T12:32:22","slug":"veronikas-backstube-veronika-brudl","status":"publish","type":"product","link":"https:\/\/www.salzburgerheimatwerk.at\/en\/produkt\/veronikas-backstube-veronika-brudl\/","title":{"rendered":"Veronikas Backstube &#8211; Veronika Brudl"},"content":{"rendered":"<p>Neues vom Bio-Bauernhof \u2013 von der Hofk\u00fcche in die Backstube<\/p>\n<p>Ein Tag ohne Selbstgebackenes? F\u00fcr Veronika Brudl undenkbar! Die Bio-Heumilchb\u00e4uerin und Seminarb\u00e4uerin aus dem Innviertel hat schon fr\u00fch die Liebe zum Backen entdeckt. In diesem Buch verr\u00e4t sie ihre k\u00f6stlichen Familienrezepte f\u00fcr flaumige Kuchen, feine Strudel, knuspriges Brot, traditionelles Geb\u00e4ck und vieles mehr. Wie schon in ihrem erfolgreichen Kochbuch Veronikas Hofk\u00fcche legt sie auch beim Backen gr\u00f6\u00dften Wert auf regionale und saisonale Zutaten. Die Mehle bezieht sie aus einer nahe gelegenen M\u00fchle, die Milchprodukte stammen direkt vom Bauern, die Eier holt sie aus dem eigenen H\u00fchnerstall und das Obst kommt aus dem Garten vor dem Haus.<\/p>\n<p>Auch mit einer kurzen Zutatenliste lassen sich ganz unkompliziert s\u00fc\u00dfe und pikante Backwerke f\u00fcr jeden Tag zaubern. Neben Saisonalem wie Keksen, Faschingskrapfen oder Osterpinzen reicht die kulinarische Bandbreite von einfachen Fr\u00fcchtekuchen \u00fcber aufwendigere Torten oder Leckereien f\u00fcr jeden Anlass bis hin zu verschiedenen Broten und Geb\u00e4ck. Auch die Zubereitung der Grundteige vom 1-2-3-M\u00fcrbteig \u00fcber Germteig bis zum Topfenbl\u00e4tterteig wird genau beschrieben. Zahlreiche Tipps und Tricks sorgen daf\u00fcr, dass auch wirklich alles gelingt, wertvolle Variationsund Resteverwertungsvorschl\u00e4ge runden die Rezepte ab. Und bei schwierigeren Zubereitungen f\u00fchren QR-Codes zu kurzen Erkl\u00e4rvideos.<\/p>\n<p>&#8211; \u00dcber 100 s\u00fc\u00dfe und pikante Backrezepte und sinnvolle Tipps zur Resteverwertung<\/p>\n<p>&#8211; Mit QR-Codes zu Videoanleitungen<\/p>\n","protected":false},"excerpt":{"rendered":"<p>Neues vom Bio-Bauernhof \u2013 von der Hofk\u00fcche in die Backstube  Ein Tag ohne Selbstgebackenes? F\u00fcr Veronika Brudl undenkbar! Die Bio-Heumilchb\u00e4uerin und Seminarb\u00e4uerin aus&#8230;<\/p>\n","protected":false},"featured_media":326721,"template":"","meta":{"_acf_changed":false},"product_brand":[],"product_cat":[1218,1219],"product_tag":[2426],"class_list":{"0":"post-326311","1":"product","2":"type-product","3":"status-publish","4":"has-post-thumbnail","6":"pricegroup-1331","7":"pricegroup-1171","8":"productgroup-1173","9":"productgroup-1332","10":"product_cat-buecher-cds","11":"product_cat-buecher-buecher-cds","12":"product_tag-neue-rezepte-aus-veronikas-hofkueche","14":"first","15":"instock","16":"taxable","17":"shipping-taxable","18":"purchasable","19":"product-type-simple"},"acf":[],"jetpack_sharing_enabled":true,"_links":{"self":[{"href":"https:\/\/www.salzburgerheimatwerk.at\/en\/wp-json\/wp\/v2\/product\/326311","targetHints":{"allow":["GET"]}}],"collection":[{"href":"https:\/\/www.salzburgerheimatwerk.at\/en\/wp-json\/wp\/v2\/product"}],"about":[{"href":"https:\/\/www.salzburgerheimatwerk.at\/en\/wp-json\/wp\/v2\/types\/product"}],"wp:featuredmedia":[{"embeddable":true,"href":"https:\/\/www.salzburgerheimatwerk.at\/en\/wp-json\/wp\/v2\/media\/326721"}],"wp:attachment":[{"href":"https:\/\/www.salzburgerheimatwerk.at\/en\/wp-json\/wp\/v2\/media?parent=326311"}],"wp:term":[{"taxonomy":"product_brand","embeddable":true,"href":"https:\/\/www.salzburgerheimatwerk.at\/en\/wp-json\/wp\/v2\/product_brand?post=326311"},{"taxonomy":"product_cat","embeddable":true,"href":"https:\/\/www.salzburgerheimatwerk.at\/en\/wp-json\/wp\/v2\/product_cat?post=326311"},{"taxonomy":"product_tag","embeddable":true,"href":"https:\/\/www.salzburgerheimatwerk.at\/en\/wp-json\/wp\/v2\/product_tag?post=326311"}],"curies":[{"name":"wp","href":"https:\/\/api.w.org\/{rel}","templated":true}]}}