{"id":326746,"date":"2024-10-15T08:16:02","date_gmt":"2024-10-15T06:16:02","guid":{"rendered":"https:\/\/www.salzburgerheimatwerk.at\/produkt\/stricksakko\/"},"modified":"2026-04-28T20:25:13","modified_gmt":"2026-04-28T18:25:13","slug":"stricksakko","status":"publish","type":"product","link":"https:\/\/www.salzburgerheimatwerk.at\/en\/produkt\/stricksakko\/","title":{"rendered":"Stricksakko"},"content":{"rendered":"<p>L\u00e4ssiges und zugleich bequemes Stricksakko aus 100% Schurwolle. \u00c4rmelpatches und Details am Kragen aus echtem Hirschleder. Die Kn\u00f6pfe sind aus Wasserb\u00fcffelhorn mit &#8220;Steiner&#8221; Gravur.<br \/>\nStrick, 100% Schurwolle, Hirschleder, atmungsaktiv, wasserabweisend und temperaturausgleichend<\/p>\n","protected":false},"excerpt":{"rendered":"<p>L\u00e4ssiges und zugleich bequemes Stricksakko aus 100% Schurwolle. \u00c4rmelpatches und Details am Kragen aus echtem Hirschleder. Die Kn\u00f6pfe sind aus Wasserb\u00fcffelhorn mit &#8220;Steiner&#8221; Gravur&#8230;.<\/p>\n","protected":false},"featured_media":343770,"template":"","meta":{"_acf_changed":false},"product_brand":[],"product_cat":[59,1222,61,62],"product_tag":[2427],"class_list":{"0":"post-326746","1":"product","2":"type-product","3":"status-publish","4":"has-post-thumbnail","6":"pricegroup-166","7":"pricegroup-1071","8":"productgroup-174","9":"productgroup-1072","10":"product_cat-herrentracht","11":"product_cat-sakko","12":"product_cat-jacken-maentel","13":"product_cat-strick-walk-2","14":"product_tag-stricksakko","15":"pa_farbe-grau","17":"first","18":"instock","19":"taxable","20":"shipping-taxable","21":"purchasable","22":"product-type-variable","23":"has-default-attributes"},"acf":[],"jetpack_sharing_enabled":true,"_links":{"self":[{"href":"https:\/\/www.salzburgerheimatwerk.at\/en\/wp-json\/wp\/v2\/product\/326746","targetHints":{"allow":["GET"]}}],"collection":[{"href":"https:\/\/www.salzburgerheimatwerk.at\/en\/wp-json\/wp\/v2\/product"}],"about":[{"href":"https:\/\/www.salzburgerheimatwerk.at\/en\/wp-json\/wp\/v2\/types\/product"}],"wp:featuredmedia":[{"embeddable":true,"href":"https:\/\/www.salzburgerheimatwerk.at\/en\/wp-json\/wp\/v2\/media\/343770"}],"wp:attachment":[{"href":"https:\/\/www.salzburgerheimatwerk.at\/en\/wp-json\/wp\/v2\/media?parent=326746"}],"wp:term":[{"taxonomy":"product_brand","embeddable":true,"href":"https:\/\/www.salzburgerheimatwerk.at\/en\/wp-json\/wp\/v2\/product_brand?post=326746"},{"taxonomy":"product_cat","embeddable":true,"href":"https:\/\/www.salzburgerheimatwerk.at\/en\/wp-json\/wp\/v2\/product_cat?post=326746"},{"taxonomy":"product_tag","embeddable":true,"href":"https:\/\/www.salzburgerheimatwerk.at\/en\/wp-json\/wp\/v2\/product_tag?post=326746"}],"curies":[{"name":"wp","href":"https:\/\/api.w.org\/{rel}","templated":true}]}}