{"id":326852,"date":"2024-10-20T08:16:09","date_gmt":"2024-10-20T06:16:09","guid":{"rendered":"https:\/\/www.salzburgerheimatwerk.at\/produkt\/lodendirndl-pepita-karo\/"},"modified":"2026-04-28T20:25:14","modified_gmt":"2026-04-28T18:25:14","slug":"lodendirndl-pepita-karo","status":"publish","type":"product","link":"https:\/\/www.salzburgerheimatwerk.at\/en\/produkt\/lodendirndl-pepita-karo\/","title":{"rendered":"Heimatwerk Lodendirndl Pepita"},"content":{"rendered":"<p>Das karierte Lodendirndl besticht durch sein Miederoberteil in Karo Tweed Optik in blau-grau und wird durch die Paspelierungen gekonnt erg\u00e4nzt. Zugleich setzt der in Bahnen geschnittene Wollrock das traditionelle Design gekonnt in Szene, w\u00e4hrend die changierende Seidensch\u00fcrze das Gesamtbild harmonisch komplettiert. Edler Seidenvorsto\u00df am Rock sowie das Passepoil in der Seidensch\u00fcrze sorgen f\u00fcr das gewisse Etwas.<br \/>\nDas Dirndl ist in einer 70er L\u00e4nge verarbeitet und wurde in der hauseigenen Schneiderei gefertigt.<\/p>\n","protected":false},"excerpt":{"rendered":"<p>Das karierte Lodendirndl besticht durch sein Miederoberteil in Karo Tweed Optik in blau-grau und wird durch die Paspelierungen gekonnt erg\u00e4nzt. Zugleich setzt der in&#8230;<\/p>\n","protected":false},"featured_media":329431,"template":"","meta":{"_acf_changed":false},"product_brand":[],"product_cat":[48,49],"product_tag":[2428],"class_list":{"0":"post-326852","1":"product","2":"type-product","3":"status-publish","4":"has-post-thumbnail","6":"pricegroup-202","7":"pricegroup-312","8":"productgroup-204","9":"productgroup-313","10":"product_cat-damentracht","11":"product_cat-dirndl-kleider","12":"product_tag-dirndl-pepita-karo","13":"pa_farbe-mehrfarbig","14":"pa_farbe-blau","16":"first","17":"instock","18":"taxable","19":"shipping-taxable","20":"purchasable","21":"product-type-variable","22":"has-default-attributes"},"acf":[],"jetpack_sharing_enabled":true,"_links":{"self":[{"href":"https:\/\/www.salzburgerheimatwerk.at\/en\/wp-json\/wp\/v2\/product\/326852","targetHints":{"allow":["GET"]}}],"collection":[{"href":"https:\/\/www.salzburgerheimatwerk.at\/en\/wp-json\/wp\/v2\/product"}],"about":[{"href":"https:\/\/www.salzburgerheimatwerk.at\/en\/wp-json\/wp\/v2\/types\/product"}],"wp:featuredmedia":[{"embeddable":true,"href":"https:\/\/www.salzburgerheimatwerk.at\/en\/wp-json\/wp\/v2\/media\/329431"}],"wp:attachment":[{"href":"https:\/\/www.salzburgerheimatwerk.at\/en\/wp-json\/wp\/v2\/media?parent=326852"}],"wp:term":[{"taxonomy":"product_brand","embeddable":true,"href":"https:\/\/www.salzburgerheimatwerk.at\/en\/wp-json\/wp\/v2\/product_brand?post=326852"},{"taxonomy":"product_cat","embeddable":true,"href":"https:\/\/www.salzburgerheimatwerk.at\/en\/wp-json\/wp\/v2\/product_cat?post=326852"},{"taxonomy":"product_tag","embeddable":true,"href":"https:\/\/www.salzburgerheimatwerk.at\/en\/wp-json\/wp\/v2\/product_tag?post=326852"}],"curies":[{"name":"wp","href":"https:\/\/api.w.org\/{rel}","templated":true}]}}