{"id":326904,"date":"2024-10-25T08:16:02","date_gmt":"2024-10-25T06:16:02","guid":{"rendered":"https:\/\/www.salzburgerheimatwerk.at\/produkt\/herrenstrickjacke-3\/"},"modified":"2026-04-28T18:27:08","modified_gmt":"2026-04-28T16:27:08","slug":"herrenstrickjacke-3","status":"publish","type":"product","link":"https:\/\/www.salzburgerheimatwerk.at\/en\/produkt\/herrenstrickjacke-3\/","title":{"rendered":"Herrenstrickjacke"},"content":{"rendered":"<p>Herrliche Strickjacke f\u00fcr den anspruchsvollen Herren aus reiner Shetland Wolle. Lederkn\u00f6pfe sowie Lederbesatz an \u00c4rmeln und Schultern. Hochwertigste Verarbeitung aus Salzburger Produktion. Mirabell Salzburg.<\/p>\n","protected":false},"excerpt":{"rendered":"<p>Herrliche Strickjacke f\u00fcr den anspruchsvollen Herren aus reiner Shetland Wolle. Lederkn\u00f6pfe sowie Lederbesatz an \u00c4rmeln und Schultern. Hochwertigste Verarbeitung aus Salzburger Produktion. Mirabell&#8230;<\/p>\n","protected":false},"featured_media":343768,"template":"","meta":{"_acf_changed":false},"product_brand":[],"product_cat":[59,62],"product_tag":[1662],"class_list":{"0":"post-326904","1":"product","2":"type-product","3":"status-publish","4":"has-post-thumbnail","6":"pricegroup-166","7":"pricegroup-1071","8":"productgroup-1072","9":"productgroup-174","10":"product_cat-herrentracht","11":"product_cat-strick-walk-2","12":"product_tag-herrenstrickjacke","14":"first","15":"instock","16":"taxable","17":"shipping-taxable","18":"purchasable","19":"product-type-variable","20":"has-default-attributes"},"acf":[],"jetpack_sharing_enabled":true,"_links":{"self":[{"href":"https:\/\/www.salzburgerheimatwerk.at\/en\/wp-json\/wp\/v2\/product\/326904","targetHints":{"allow":["GET"]}}],"collection":[{"href":"https:\/\/www.salzburgerheimatwerk.at\/en\/wp-json\/wp\/v2\/product"}],"about":[{"href":"https:\/\/www.salzburgerheimatwerk.at\/en\/wp-json\/wp\/v2\/types\/product"}],"wp:featuredmedia":[{"embeddable":true,"href":"https:\/\/www.salzburgerheimatwerk.at\/en\/wp-json\/wp\/v2\/media\/343768"}],"wp:attachment":[{"href":"https:\/\/www.salzburgerheimatwerk.at\/en\/wp-json\/wp\/v2\/media?parent=326904"}],"wp:term":[{"taxonomy":"product_brand","embeddable":true,"href":"https:\/\/www.salzburgerheimatwerk.at\/en\/wp-json\/wp\/v2\/product_brand?post=326904"},{"taxonomy":"product_cat","embeddable":true,"href":"https:\/\/www.salzburgerheimatwerk.at\/en\/wp-json\/wp\/v2\/product_cat?post=326904"},{"taxonomy":"product_tag","embeddable":true,"href":"https:\/\/www.salzburgerheimatwerk.at\/en\/wp-json\/wp\/v2\/product_tag?post=326904"}],"curies":[{"name":"wp","href":"https:\/\/api.w.org\/{rel}","templated":true}]}}