{"id":326941,"date":"2024-10-26T08:16:16","date_gmt":"2024-10-26T06:16:16","guid":{"rendered":"https:\/\/www.salzburgerheimatwerk.at\/produkt\/damenjacke-mit-kellerfalte\/"},"modified":"2026-04-28T20:25:13","modified_gmt":"2026-04-28T18:25:13","slug":"damenjacke-mit-kellerfalte","status":"publish","type":"product","link":"https:\/\/www.salzburgerheimatwerk.at\/en\/produkt\/damenjacke-mit-kellerfalte\/","title":{"rendered":"Damenjacke mit Kellerfalte"},"content":{"rendered":"<p>Diese olivefarbene Jacke pr\u00e4sentiert sich mit ausgestellter A-Linie und einem spitzen unterlegten Kragen. Sie wird mittels Druckkn\u00f6pfe geschlossen und verf\u00fcgt \u00fcber zwei Eingrifftaschen an der Vorderseite. Die Kellerfalte am R\u00fccken tr\u00e4gt zu einem bequemen Tragen derJacke bei.<\/p>\n","protected":false},"excerpt":{"rendered":"<p>Diese olivefarbene Jacke pr\u00e4sentiert sich mit ausgestellter A-Linie und einem spitzen unterlegten Kragen. Sie wird mittels Druckkn\u00f6pfe geschlossen und verf\u00fcgt \u00fcber zwei Eingrifftaschen an&#8230;<\/p>\n","protected":false},"featured_media":327148,"template":"","meta":{"_acf_changed":false},"product_brand":[],"product_cat":[304,48],"product_tag":[309],"class_list":{"0":"post-326941","1":"product","2":"type-product","3":"status-publish","4":"has-post-thumbnail","6":"pricegroup-302","7":"pricegroup-202","8":"productgroup-303","9":"productgroup-204","10":"product_cat-jacken-maentel-damentracht","11":"product_cat-damentracht","12":"product_tag-damenjacke","13":"pa_farbe-gruen","15":"first","16":"instock","17":"taxable","18":"shipping-taxable","19":"purchasable","20":"product-type-variable","21":"has-default-attributes"},"acf":[],"jetpack_sharing_enabled":true,"_links":{"self":[{"href":"https:\/\/www.salzburgerheimatwerk.at\/en\/wp-json\/wp\/v2\/product\/326941","targetHints":{"allow":["GET"]}}],"collection":[{"href":"https:\/\/www.salzburgerheimatwerk.at\/en\/wp-json\/wp\/v2\/product"}],"about":[{"href":"https:\/\/www.salzburgerheimatwerk.at\/en\/wp-json\/wp\/v2\/types\/product"}],"wp:featuredmedia":[{"embeddable":true,"href":"https:\/\/www.salzburgerheimatwerk.at\/en\/wp-json\/wp\/v2\/media\/327148"}],"wp:attachment":[{"href":"https:\/\/www.salzburgerheimatwerk.at\/en\/wp-json\/wp\/v2\/media?parent=326941"}],"wp:term":[{"taxonomy":"product_brand","embeddable":true,"href":"https:\/\/www.salzburgerheimatwerk.at\/en\/wp-json\/wp\/v2\/product_brand?post=326941"},{"taxonomy":"product_cat","embeddable":true,"href":"https:\/\/www.salzburgerheimatwerk.at\/en\/wp-json\/wp\/v2\/product_cat?post=326941"},{"taxonomy":"product_tag","embeddable":true,"href":"https:\/\/www.salzburgerheimatwerk.at\/en\/wp-json\/wp\/v2\/product_tag?post=326941"}],"curies":[{"name":"wp","href":"https:\/\/api.w.org\/{rel}","templated":true}]}}