{"id":326968,"date":"2024-10-26T08:16:33","date_gmt":"2024-10-26T06:16:33","guid":{"rendered":"https:\/\/www.salzburgerheimatwerk.at\/produkt\/seidenrock-oliv\/"},"modified":"2026-04-28T20:25:14","modified_gmt":"2026-04-28T18:25:14","slug":"seidenrock-oliv","status":"publish","type":"product","link":"https:\/\/www.salzburgerheimatwerk.at\/en\/produkt\/seidenrock-oliv\/","title":{"rendered":"Seidenrock oliv"},"content":{"rendered":"<p>Eleganter Rock aus Baumwolle mit Seide. Die Falten sind bis zur H\u00fcfte abgesteppt, somit ergibt sich eine perfekte Passform. Sie k\u00f6nnen diesen Rock perfekt f\u00fcr festliche Anl\u00e4sse mit einer Bluse oder l\u00e4ssig mit einem Pullover kombinieren. L\u00e4nge ca. 80cm<\/p>\n","protected":false},"excerpt":{"rendered":"<p>Eleganter Rock aus Baumwolle mit Seide. Die Falten sind bis zur H\u00fcfte abgesteppt, somit ergibt sich eine perfekte Passform. Sie k\u00f6nnen diesen Rock perfekt&#8230;<\/p>\n","protected":false},"featured_media":343810,"template":"","meta":{"_acf_changed":false},"product_brand":[],"product_cat":[48,50,1220],"product_tag":[1922],"class_list":{"0":"post-326968","1":"product","2":"type-product","3":"status-publish","4":"has-post-thumbnail","6":"pricegroup-202","7":"pricegroup-289","8":"productgroup-204","9":"productgroup-290","10":"product_cat-damentracht","11":"product_cat-roecke-hosen","12":"product_cat-sale","13":"product_tag-damenrock","14":"pa_farbe-gruen","16":"first","17":"instock","18":"sale","19":"taxable","20":"shipping-taxable","21":"purchasable","22":"product-type-variable","23":"has-default-attributes"},"acf":[],"jetpack_sharing_enabled":true,"_links":{"self":[{"href":"https:\/\/www.salzburgerheimatwerk.at\/en\/wp-json\/wp\/v2\/product\/326968","targetHints":{"allow":["GET"]}}],"collection":[{"href":"https:\/\/www.salzburgerheimatwerk.at\/en\/wp-json\/wp\/v2\/product"}],"about":[{"href":"https:\/\/www.salzburgerheimatwerk.at\/en\/wp-json\/wp\/v2\/types\/product"}],"wp:featuredmedia":[{"embeddable":true,"href":"https:\/\/www.salzburgerheimatwerk.at\/en\/wp-json\/wp\/v2\/media\/343810"}],"wp:attachment":[{"href":"https:\/\/www.salzburgerheimatwerk.at\/en\/wp-json\/wp\/v2\/media?parent=326968"}],"wp:term":[{"taxonomy":"product_brand","embeddable":true,"href":"https:\/\/www.salzburgerheimatwerk.at\/en\/wp-json\/wp\/v2\/product_brand?post=326968"},{"taxonomy":"product_cat","embeddable":true,"href":"https:\/\/www.salzburgerheimatwerk.at\/en\/wp-json\/wp\/v2\/product_cat?post=326968"},{"taxonomy":"product_tag","embeddable":true,"href":"https:\/\/www.salzburgerheimatwerk.at\/en\/wp-json\/wp\/v2\/product_tag?post=326968"}],"curies":[{"name":"wp","href":"https:\/\/api.w.org\/{rel}","templated":true}]}}