{"id":327970,"date":"2024-11-26T07:18:30","date_gmt":"2024-11-26T06:18:30","guid":{"rendered":"https:\/\/www.salzburgerheimatwerk.at\/produkt\/heimatwerk-samtdirndl-efeu\/"},"modified":"2026-04-21T08:27:15","modified_gmt":"2026-04-21T06:27:15","slug":"heimatwerk-samtdirndl-efeu","status":"publish","type":"product","link":"https:\/\/www.salzburgerheimatwerk.at\/en\/produkt\/heimatwerk-samtdirndl-efeu\/","title":{"rendered":"Heimatwerk Samtdirndl Efeu"},"content":{"rendered":"<p>Elegantes Dirndl mit einem edlen Samtoberteil in Petrol im Miederschnitt mit Hackenverschlu\u00df. Der Ausschnitt ist mit einem Seidenpassepoil gearbeitet, ebenso wie der Bahnenrock mit einem Seidenpassepoil als Kittelblech. Der Baumwollrock ist gemustert die Seiden-Taftsch\u00fcrze erg\u00e4nzt das festliche Erscheinungsbild. Qualit\u00e4t aus \u00d6sterreich die man sieht und sp\u00fcrt. Durch die 80er Rockl\u00e4nge ist dieses Dirndl aus der Werkstatt des Salzburger Heimatwerks ein perfekter Begleiter f\u00fcr jeden Anlass.<\/p>\n","protected":false},"excerpt":{"rendered":"<p>Elegantes Dirndl mit einem edlen Samtoberteil in Petrol im Miederschnitt mit Hackenverschlu\u00df. Der Ausschnitt ist mit einem Seidenpassepoil gearbeitet, ebenso wie der Bahnenrock mit&#8230;<\/p>\n","protected":false},"featured_media":327972,"template":"","meta":{"_acf_changed":false},"product_brand":[],"product_cat":[48,49],"product_tag":[2432],"class_list":{"0":"post-327970","1":"product","2":"type-product","3":"status-publish","4":"has-post-thumbnail","6":"pricegroup-202","7":"pricegroup-312","8":"productgroup-204","9":"productgroup-313","10":"product_cat-damentracht","11":"product_cat-dirndl-kleider","12":"product_tag-dirndl-efeu","14":"first","15":"outofstock","16":"taxable","17":"shipping-taxable","18":"product-type-variable"},"acf":[],"jetpack_sharing_enabled":true,"_links":{"self":[{"href":"https:\/\/www.salzburgerheimatwerk.at\/en\/wp-json\/wp\/v2\/product\/327970","targetHints":{"allow":["GET"]}}],"collection":[{"href":"https:\/\/www.salzburgerheimatwerk.at\/en\/wp-json\/wp\/v2\/product"}],"about":[{"href":"https:\/\/www.salzburgerheimatwerk.at\/en\/wp-json\/wp\/v2\/types\/product"}],"wp:featuredmedia":[{"embeddable":true,"href":"https:\/\/www.salzburgerheimatwerk.at\/en\/wp-json\/wp\/v2\/media\/327972"}],"wp:attachment":[{"href":"https:\/\/www.salzburgerheimatwerk.at\/en\/wp-json\/wp\/v2\/media?parent=327970"}],"wp:term":[{"taxonomy":"product_brand","embeddable":true,"href":"https:\/\/www.salzburgerheimatwerk.at\/en\/wp-json\/wp\/v2\/product_brand?post=327970"},{"taxonomy":"product_cat","embeddable":true,"href":"https:\/\/www.salzburgerheimatwerk.at\/en\/wp-json\/wp\/v2\/product_cat?post=327970"},{"taxonomy":"product_tag","embeddable":true,"href":"https:\/\/www.salzburgerheimatwerk.at\/en\/wp-json\/wp\/v2\/product_tag?post=327970"}],"curies":[{"name":"wp","href":"https:\/\/api.w.org\/{rel}","templated":true}]}}