{"id":327978,"date":"2024-11-26T07:18:36","date_gmt":"2024-11-26T06:18:36","guid":{"rendered":"https:\/\/www.salzburgerheimatwerk.at\/produkt\/heimatwerk-dirndl-sinfonie\/"},"modified":"2026-04-28T18:27:13","modified_gmt":"2026-04-28T16:27:13","slug":"heimatwerk-dirndl-sinfonie","status":"publish","type":"product","link":"https:\/\/www.salzburgerheimatwerk.at\/en\/produkt\/heimatwerk-dirndl-sinfonie\/","title":{"rendered":"Heimatwerk Samtdirndl Sinfonie"},"content":{"rendered":"<p>Elegantes Dirndl mit einem edlen Samtoberteil in Beere im Miederschnitt mit Hackenverschlu\u00df. Der herrlich gemusterte Baumwollsatin-Rock  Die farblich abgestimmte Seiden-Taftsch\u00fcrze erg\u00e4nzt das festliche Erscheinungsbild. Qualit\u00e4t aus \u00d6sterreich die man sieht und sp\u00fcrt. Durch die 80er Rockl\u00e4nge ist dieses Dirndl aus der Werkstatt des Salzburger Heimatwerks ein perfekter Begleiter f\u00fcr jeden Anlass.<\/p>\n","protected":false},"excerpt":{"rendered":"<p>Elegantes Dirndl mit einem edlen Samtoberteil in Beere im Miederschnitt mit Hackenverschlu\u00df. Der herrlich gemusterte Baumwollsatin-Rock  Die farblich abgestimmte Seiden-Taftsch\u00fcrze erg\u00e4nzt das festliche&#8230;<\/p>\n","protected":false},"featured_media":329435,"template":"","meta":{"_acf_changed":false},"product_brand":[],"product_cat":[48,49],"product_tag":[2435],"class_list":{"0":"post-327978","1":"product","2":"type-product","3":"status-publish","4":"has-post-thumbnail","6":"pricegroup-312","7":"pricegroup-202","8":"productgroup-204","9":"productgroup-313","10":"product_cat-damentracht","11":"product_cat-dirndl-kleider","12":"product_tag-dirndl-sinfonie","14":"first","15":"instock","16":"taxable","17":"shipping-taxable","18":"purchasable","19":"product-type-variable","20":"has-default-attributes"},"acf":[],"jetpack_sharing_enabled":true,"_links":{"self":[{"href":"https:\/\/www.salzburgerheimatwerk.at\/en\/wp-json\/wp\/v2\/product\/327978","targetHints":{"allow":["GET"]}}],"collection":[{"href":"https:\/\/www.salzburgerheimatwerk.at\/en\/wp-json\/wp\/v2\/product"}],"about":[{"href":"https:\/\/www.salzburgerheimatwerk.at\/en\/wp-json\/wp\/v2\/types\/product"}],"wp:featuredmedia":[{"embeddable":true,"href":"https:\/\/www.salzburgerheimatwerk.at\/en\/wp-json\/wp\/v2\/media\/329435"}],"wp:attachment":[{"href":"https:\/\/www.salzburgerheimatwerk.at\/en\/wp-json\/wp\/v2\/media?parent=327978"}],"wp:term":[{"taxonomy":"product_brand","embeddable":true,"href":"https:\/\/www.salzburgerheimatwerk.at\/en\/wp-json\/wp\/v2\/product_brand?post=327978"},{"taxonomy":"product_cat","embeddable":true,"href":"https:\/\/www.salzburgerheimatwerk.at\/en\/wp-json\/wp\/v2\/product_cat?post=327978"},{"taxonomy":"product_tag","embeddable":true,"href":"https:\/\/www.salzburgerheimatwerk.at\/en\/wp-json\/wp\/v2\/product_tag?post=327978"}],"curies":[{"name":"wp","href":"https:\/\/api.w.org\/{rel}","templated":true}]}}