{"id":327993,"date":"2024-11-27T07:16:03","date_gmt":"2024-11-27T06:16:03","guid":{"rendered":"https:\/\/www.salzburgerheimatwerk.at\/produkt\/reiner-woll-brokat-schwarz-paisley-3\/"},"modified":"2026-04-28T15:28:49","modified_gmt":"2026-04-28T13:28:49","slug":"reiner-woll-brokat-schwarz-paisley-3","status":"publish","type":"product","link":"https:\/\/www.salzburgerheimatwerk.at\/en\/produkt\/reiner-woll-brokat-schwarz-paisley-3\/","title":{"rendered":"Reiner Woll-Brokat schwarz Paisley"},"content":{"rendered":"<p>Wollbrokat wird aus der Wolle des Merinoschafs gewonnen, er f\u00e4llt weich flie\u00dfend, knittert nicht und ist beidseitig verwendbar. Er besticht durch in sich gewebte Paisley- oder Streublumenmuster.<\/p>\n<p>Eignung<br \/>\nIdeal f\u00fcr Dirndloberteile- und R\u00f6cke, Kleider, R\u00f6cke, Westen, Spencer und Jacken.<\/p>\n","protected":false},"excerpt":{"rendered":"<p>Wollbrokat wird aus der Wolle des Merinoschafs gewonnen, er f\u00e4llt weich flie\u00dfend, knittert nicht und ist beidseitig verwendbar. Er besticht durch in sich gewebte&#8230;<\/p>\n","protected":false},"featured_media":331289,"template":"","meta":{"_acf_changed":false},"product_brand":[],"product_cat":[192,37],"product_tag":[411],"class_list":{"0":"post-327993","1":"product","2":"type-product","3":"status-publish","4":"has-post-thumbnail","6":"pricegroup-165","7":"pricegroup-406","8":"productgroup-173","9":"productgroup-407","10":"product_cat-trachtenstoffe","11":"product_cat-stoffe","12":"product_tag-wv-schwarz-paisley","13":"pa_farbe-schwarz","14":"pa_stoffbreite-150-cm","15":"pa_zertifizierung-nachhaltig","17":"first","18":"instock","19":"taxable","20":"shipping-taxable","21":"purchasable","22":"product-type-simple"},"acf":[],"jetpack_sharing_enabled":true,"_links":{"self":[{"href":"https:\/\/www.salzburgerheimatwerk.at\/en\/wp-json\/wp\/v2\/product\/327993","targetHints":{"allow":["GET"]}}],"collection":[{"href":"https:\/\/www.salzburgerheimatwerk.at\/en\/wp-json\/wp\/v2\/product"}],"about":[{"href":"https:\/\/www.salzburgerheimatwerk.at\/en\/wp-json\/wp\/v2\/types\/product"}],"wp:featuredmedia":[{"embeddable":true,"href":"https:\/\/www.salzburgerheimatwerk.at\/en\/wp-json\/wp\/v2\/media\/331289"}],"wp:attachment":[{"href":"https:\/\/www.salzburgerheimatwerk.at\/en\/wp-json\/wp\/v2\/media?parent=327993"}],"wp:term":[{"taxonomy":"product_brand","embeddable":true,"href":"https:\/\/www.salzburgerheimatwerk.at\/en\/wp-json\/wp\/v2\/product_brand?post=327993"},{"taxonomy":"product_cat","embeddable":true,"href":"https:\/\/www.salzburgerheimatwerk.at\/en\/wp-json\/wp\/v2\/product_cat?post=327993"},{"taxonomy":"product_tag","embeddable":true,"href":"https:\/\/www.salzburgerheimatwerk.at\/en\/wp-json\/wp\/v2\/product_tag?post=327993"}],"curies":[{"name":"wp","href":"https:\/\/api.w.org\/{rel}","templated":true}]}}