{"id":328052,"date":"2024-11-29T07:16:02","date_gmt":"2024-11-29T06:16:02","guid":{"rendered":"https:\/\/www.salzburgerheimatwerk.at\/produkt\/dirndlbluse-3\/"},"modified":"2026-04-28T18:23:10","modified_gmt":"2026-04-28T16:23:10","slug":"dirndlbluse-3","status":"publish","type":"product","link":"https:\/\/www.salzburgerheimatwerk.at\/en\/produkt\/dirndlbluse-3\/","title":{"rendered":"Dirndlbluse mit Puffarm"},"content":{"rendered":"<p>Festliche Dirndlbluse aus Baumwolle mit Leinen und einem kleinen Anteil an Elasthan f\u00fcr den perfekten Tragekomfort. Der Ausschnitt passt sich sehr sch\u00f6n an den Miederschnitt an. Er ist ebenso wie der \u00c4rmelabschlu\u00df mit einer schmalen Spitze verziert. Die \u00c4rmel sind leicht gezogen und erg\u00e4nzen so das festliche Aussehen.<\/p>\n","protected":false},"excerpt":{"rendered":"<p>Festliche Dirndlbluse aus Baumwolle mit Leinen und einem kleinen Anteil an Elasthan f\u00fcr den perfekten Tragekomfort. Der Ausschnitt passt sich sehr sch\u00f6n an den&#8230;<\/p>\n","protected":false},"featured_media":334207,"template":"","meta":{"_acf_changed":false},"product_brand":[],"product_cat":[48,52],"product_tag":[827],"class_list":{"0":"post-328052","1":"product","2":"type-product","3":"status-publish","4":"has-post-thumbnail","6":"pricegroup-202","7":"pricegroup-822","8":"productgroup-204","9":"productgroup-823","10":"product_cat-damentracht","11":"product_cat-blusen-shirts","12":"product_tag-dirndlbluse","13":"pa_farbe-weiss","15":"first","16":"instock","17":"taxable","18":"shipping-taxable","19":"purchasable","20":"product-type-variable","21":"has-default-attributes"},"acf":[],"jetpack_sharing_enabled":true,"_links":{"self":[{"href":"https:\/\/www.salzburgerheimatwerk.at\/en\/wp-json\/wp\/v2\/product\/328052","targetHints":{"allow":["GET"]}}],"collection":[{"href":"https:\/\/www.salzburgerheimatwerk.at\/en\/wp-json\/wp\/v2\/product"}],"about":[{"href":"https:\/\/www.salzburgerheimatwerk.at\/en\/wp-json\/wp\/v2\/types\/product"}],"wp:featuredmedia":[{"embeddable":true,"href":"https:\/\/www.salzburgerheimatwerk.at\/en\/wp-json\/wp\/v2\/media\/334207"}],"wp:attachment":[{"href":"https:\/\/www.salzburgerheimatwerk.at\/en\/wp-json\/wp\/v2\/media?parent=328052"}],"wp:term":[{"taxonomy":"product_brand","embeddable":true,"href":"https:\/\/www.salzburgerheimatwerk.at\/en\/wp-json\/wp\/v2\/product_brand?post=328052"},{"taxonomy":"product_cat","embeddable":true,"href":"https:\/\/www.salzburgerheimatwerk.at\/en\/wp-json\/wp\/v2\/product_cat?post=328052"},{"taxonomy":"product_tag","embeddable":true,"href":"https:\/\/www.salzburgerheimatwerk.at\/en\/wp-json\/wp\/v2\/product_tag?post=328052"}],"curies":[{"name":"wp","href":"https:\/\/api.w.org\/{rel}","templated":true}]}}