{"id":328093,"date":"2024-11-30T07:16:40","date_gmt":"2024-11-30T06:16:40","guid":{"rendered":"https:\/\/www.salzburgerheimatwerk.at\/produkt\/damenbluse-gemustert\/"},"modified":"2026-04-28T18:27:11","modified_gmt":"2026-04-28T16:27:11","slug":"damenbluse-gemustert","status":"publish","type":"product","link":"https:\/\/www.salzburgerheimatwerk.at\/en\/produkt\/damenbluse-gemustert\/","title":{"rendered":"Damenbluse gemustert"},"content":{"rendered":"<p>Diese Bluse ist eine echte \u00d6sterreicherin &#8211; der Stoff kommt aus \u00d6sterreich und auch hier wurde sie gefertigt. Der Stoff ist aus reiner Baumwolle mit einem Paisley-Dessin in gr\u00fcn-senf und Braunt\u00f6nen. Somit ist sie sehr gut kombinierbar.<\/p>\n","protected":false},"excerpt":{"rendered":"<p>Diese Bluse ist eine echte \u00d6sterreicherin &#8211; der Stoff kommt aus \u00d6sterreich und auch hier wurde sie gefertigt. Der Stoff ist aus reiner Baumwolle&#8230;<\/p>\n","protected":false},"featured_media":328538,"template":"","meta":{"_acf_changed":false},"product_brand":[],"product_cat":[48,52],"product_tag":[258],"class_list":{"0":"post-328093","1":"product","2":"type-product","3":"status-publish","4":"has-post-thumbnail","6":"pricegroup-202","7":"pricegroup-256","8":"productgroup-257","9":"productgroup-204","10":"product_cat-damentracht","11":"product_cat-blusen-shirts","12":"product_tag-damenbluse","13":"pa_farbe-mehrfarbig","15":"first","16":"instock","17":"taxable","18":"shipping-taxable","19":"purchasable","20":"product-type-variable","21":"has-default-attributes"},"acf":[],"jetpack_sharing_enabled":true,"_links":{"self":[{"href":"https:\/\/www.salzburgerheimatwerk.at\/en\/wp-json\/wp\/v2\/product\/328093","targetHints":{"allow":["GET"]}}],"collection":[{"href":"https:\/\/www.salzburgerheimatwerk.at\/en\/wp-json\/wp\/v2\/product"}],"about":[{"href":"https:\/\/www.salzburgerheimatwerk.at\/en\/wp-json\/wp\/v2\/types\/product"}],"wp:featuredmedia":[{"embeddable":true,"href":"https:\/\/www.salzburgerheimatwerk.at\/en\/wp-json\/wp\/v2\/media\/328538"}],"wp:attachment":[{"href":"https:\/\/www.salzburgerheimatwerk.at\/en\/wp-json\/wp\/v2\/media?parent=328093"}],"wp:term":[{"taxonomy":"product_brand","embeddable":true,"href":"https:\/\/www.salzburgerheimatwerk.at\/en\/wp-json\/wp\/v2\/product_brand?post=328093"},{"taxonomy":"product_cat","embeddable":true,"href":"https:\/\/www.salzburgerheimatwerk.at\/en\/wp-json\/wp\/v2\/product_cat?post=328093"},{"taxonomy":"product_tag","embeddable":true,"href":"https:\/\/www.salzburgerheimatwerk.at\/en\/wp-json\/wp\/v2\/product_tag?post=328093"}],"curies":[{"name":"wp","href":"https:\/\/api.w.org\/{rel}","templated":true}]}}