{"id":328617,"date":"2024-12-18T07:16:39","date_gmt":"2024-12-18T06:16:39","guid":{"rendered":"https:\/\/www.salzburgerheimatwerk.at\/produkt\/reinseiden-taft-gruen-uni-3\/"},"modified":"2026-04-28T14:32:24","modified_gmt":"2026-04-28T12:32:24","slug":"reinseiden-taft-gruen-uni-3","status":"publish","type":"product","link":"https:\/\/www.salzburgerheimatwerk.at\/en\/produkt\/reinseiden-taft-gruen-uni-3\/","title":{"rendered":"Reinseiden-Taft gr\u00fcn Uni"},"content":{"rendered":"<p>Seide wird aus dem Faden der Seidenraupe gewonnen. Durch die Verwendung unterschiedlicher Farben in Kette und Schuss entsteht der einzigartige changierende Effekt dieses edlen Materials. <\/p>\n<p>Eignung<br \/>\nIdeal f\u00fcr Dirndlr\u00f6cke und -sch\u00fcrzen sowie elegante Abendkleidung.<\/p>\n","protected":false},"excerpt":{"rendered":"<p>Seide wird aus dem Faden der Seidenraupe gewonnen. Durch die Verwendung unterschiedlicher Farben in Kette und Schuss entsteht der einzigartige changierende Effekt dieses edlen&#8230;<\/p>\n","protected":false},"featured_media":329441,"template":"","meta":{"_acf_changed":false},"product_brand":[],"product_cat":[37,192],"product_tag":[686],"class_list":{"0":"post-328617","1":"product","2":"type-product","3":"status-publish","4":"has-post-thumbnail","6":"pricegroup-415","7":"pricegroup-165","8":"productgroup-416","9":"productgroup-173","10":"product_cat-stoffe","11":"product_cat-trachtenstoffe","12":"product_tag-rs-taft-gruen-uni","13":"pa_farbe-gruen","14":"pa_stoffbreite-150-cm","15":"pa_zertifizierung-oeko-tex","17":"first","18":"instock","19":"taxable","20":"shipping-taxable","21":"purchasable","22":"product-type-simple"},"acf":[],"jetpack_sharing_enabled":true,"_links":{"self":[{"href":"https:\/\/www.salzburgerheimatwerk.at\/en\/wp-json\/wp\/v2\/product\/328617","targetHints":{"allow":["GET"]}}],"collection":[{"href":"https:\/\/www.salzburgerheimatwerk.at\/en\/wp-json\/wp\/v2\/product"}],"about":[{"href":"https:\/\/www.salzburgerheimatwerk.at\/en\/wp-json\/wp\/v2\/types\/product"}],"wp:featuredmedia":[{"embeddable":true,"href":"https:\/\/www.salzburgerheimatwerk.at\/en\/wp-json\/wp\/v2\/media\/329441"}],"wp:attachment":[{"href":"https:\/\/www.salzburgerheimatwerk.at\/en\/wp-json\/wp\/v2\/media?parent=328617"}],"wp:term":[{"taxonomy":"product_brand","embeddable":true,"href":"https:\/\/www.salzburgerheimatwerk.at\/en\/wp-json\/wp\/v2\/product_brand?post=328617"},{"taxonomy":"product_cat","embeddable":true,"href":"https:\/\/www.salzburgerheimatwerk.at\/en\/wp-json\/wp\/v2\/product_cat?post=328617"},{"taxonomy":"product_tag","embeddable":true,"href":"https:\/\/www.salzburgerheimatwerk.at\/en\/wp-json\/wp\/v2\/product_tag?post=328617"}],"curies":[{"name":"wp","href":"https:\/\/api.w.org\/{rel}","templated":true}]}}