{"id":331191,"date":"2025-01-25T07:16:07","date_gmt":"2025-01-25T06:16:07","guid":{"rendered":"https:\/\/www.salzburgerheimatwerk.at\/produkt\/halbleinen-gruen-allover\/"},"modified":"2026-04-28T14:32:25","modified_gmt":"2026-04-28T12:32:25","slug":"halbleinen-gruen-allover","status":"publish","type":"product","link":"https:\/\/www.salzburgerheimatwerk.at\/en\/produkt\/halbleinen-gruen-allover\/","title":{"rendered":"Halbleinen gr\u00fcn Allover"},"content":{"rendered":"<p>Dieses Halbleinen besteht aus Baumwolle und Leinen. Das Material wird in \u00d6sterreich eingef\u00e4rbt und bedruckt.<\/p>\n<p>Eignung<br \/>\nIdeal f\u00fcr Dirndl-Oberteile, R\u00f6cke und Kleider.<\/p>\n","protected":false},"excerpt":{"rendered":"<p>Dieses Halbleinen besteht aus Baumwolle und Leinen. Das Material wird in \u00d6sterreich eingef\u00e4rbt und bedruckt.  Eignung Ideal f\u00fcr Dirndl-Oberteile, R\u00f6cke und&#8230;<\/p>\n","protected":false},"featured_media":334202,"template":"","meta":{"_acf_changed":false},"product_brand":[],"product_cat":[192,37],"product_tag":[2507],"class_list":{"0":"post-331191","1":"product","2":"type-product","3":"status-publish","4":"has-post-thumbnail","6":"pricegroup-644","7":"pricegroup-165","8":"productgroup-645","9":"productgroup-173","10":"product_cat-trachtenstoffe","11":"product_cat-stoffe","12":"product_tag-bw-li-gruen-allover","13":"pa_farbe-gruen","14":"pa_stoffbreite-150-cm","15":"pa_zertifizierung-oeko-tex","17":"first","18":"instock","19":"taxable","20":"shipping-taxable","21":"purchasable","22":"product-type-simple"},"acf":[],"jetpack_sharing_enabled":true,"_links":{"self":[{"href":"https:\/\/www.salzburgerheimatwerk.at\/en\/wp-json\/wp\/v2\/product\/331191","targetHints":{"allow":["GET"]}}],"collection":[{"href":"https:\/\/www.salzburgerheimatwerk.at\/en\/wp-json\/wp\/v2\/product"}],"about":[{"href":"https:\/\/www.salzburgerheimatwerk.at\/en\/wp-json\/wp\/v2\/types\/product"}],"wp:featuredmedia":[{"embeddable":true,"href":"https:\/\/www.salzburgerheimatwerk.at\/en\/wp-json\/wp\/v2\/media\/334202"}],"wp:attachment":[{"href":"https:\/\/www.salzburgerheimatwerk.at\/en\/wp-json\/wp\/v2\/media?parent=331191"}],"wp:term":[{"taxonomy":"product_brand","embeddable":true,"href":"https:\/\/www.salzburgerheimatwerk.at\/en\/wp-json\/wp\/v2\/product_brand?post=331191"},{"taxonomy":"product_cat","embeddable":true,"href":"https:\/\/www.salzburgerheimatwerk.at\/en\/wp-json\/wp\/v2\/product_cat?post=331191"},{"taxonomy":"product_tag","embeddable":true,"href":"https:\/\/www.salzburgerheimatwerk.at\/en\/wp-json\/wp\/v2\/product_tag?post=331191"}],"curies":[{"name":"wp","href":"https:\/\/api.w.org\/{rel}","templated":true}]}}