{"id":331370,"date":"2025-02-14T07:16:51","date_gmt":"2025-02-14T06:16:51","guid":{"rendered":"https:\/\/www.salzburgerheimatwerk.at\/produkt\/strickjacke-mit-zopfmuster\/"},"modified":"2026-04-28T19:19:08","modified_gmt":"2026-04-28T17:19:08","slug":"strickjacke-mit-zopfmuster","status":"publish","type":"product","link":"https:\/\/www.salzburgerheimatwerk.at\/en\/produkt\/strickjacke-mit-zopfmuster\/","title":{"rendered":"Strickjacke mit Zopfmuster"},"content":{"rendered":"<p>gem\u00fctliche Strickjacke aus 100% Merino extrafein. Traditionelle Zopfmuster und aufgesetzte Taschen machen aus dieser Jacke ein absolutes Lieblingsst\u00fcck. Perfekt kombinierbar zu Hosen &#8211; die R\u00fcckenl\u00e4nge betr\u00e4gt ca. 70cm<\/p>\n","protected":false},"excerpt":{"rendered":"<p>gem\u00fctliche Strickjacke aus 100% Merino extrafein. Traditionelle Zopfmuster und aufgesetzte Taschen machen aus dieser Jacke ein absolutes Lieblingsst\u00fcck. Perfekt kombinierbar zu Hosen &#8211; die&#8230;<\/p>\n","protected":false},"featured_media":343829,"template":"","meta":{"_acf_changed":false},"product_brand":[],"product_cat":[48,53],"product_tag":[237],"class_list":{"0":"post-331370","1":"product","2":"type-product","3":"status-publish","4":"has-post-thumbnail","6":"pricegroup-202","7":"pricegroup-232","8":"productgroup-204","9":"productgroup-233","10":"product_cat-damentracht","11":"product_cat-strick-walk","12":"product_tag-strickjacke","13":"pa_farbe-braun","15":"first","16":"instock","17":"taxable","18":"shipping-taxable","19":"purchasable","20":"product-type-variable","21":"has-default-attributes"},"acf":[],"jetpack_sharing_enabled":true,"_links":{"self":[{"href":"https:\/\/www.salzburgerheimatwerk.at\/en\/wp-json\/wp\/v2\/product\/331370","targetHints":{"allow":["GET"]}}],"collection":[{"href":"https:\/\/www.salzburgerheimatwerk.at\/en\/wp-json\/wp\/v2\/product"}],"about":[{"href":"https:\/\/www.salzburgerheimatwerk.at\/en\/wp-json\/wp\/v2\/types\/product"}],"wp:featuredmedia":[{"embeddable":true,"href":"https:\/\/www.salzburgerheimatwerk.at\/en\/wp-json\/wp\/v2\/media\/343829"}],"wp:attachment":[{"href":"https:\/\/www.salzburgerheimatwerk.at\/en\/wp-json\/wp\/v2\/media?parent=331370"}],"wp:term":[{"taxonomy":"product_brand","embeddable":true,"href":"https:\/\/www.salzburgerheimatwerk.at\/en\/wp-json\/wp\/v2\/product_brand?post=331370"},{"taxonomy":"product_cat","embeddable":true,"href":"https:\/\/www.salzburgerheimatwerk.at\/en\/wp-json\/wp\/v2\/product_cat?post=331370"},{"taxonomy":"product_tag","embeddable":true,"href":"https:\/\/www.salzburgerheimatwerk.at\/en\/wp-json\/wp\/v2\/product_tag?post=331370"}],"curies":[{"name":"wp","href":"https:\/\/api.w.org\/{rel}","templated":true}]}}