{"id":331407,"date":"2025-02-14T07:18:34","date_gmt":"2025-02-14T06:18:34","guid":{"rendered":"https:\/\/www.salzburgerheimatwerk.at\/produkt\/strickjacke-7\/"},"modified":"2026-04-28T19:19:08","modified_gmt":"2026-04-28T17:19:08","slug":"strickjacke-7","status":"publish","type":"product","link":"https:\/\/www.salzburgerheimatwerk.at\/en\/produkt\/strickjacke-7\/","title":{"rendered":"Strickjacke"},"content":{"rendered":"<p>Rosa Strickjacke aus 100% Schurwolle, die Kante und die Eingrifftaschen sind mit gr\u00fcner Wolle fein umh\u00e4kelt und machen dieses Teil perfekt kombinierbar zum Dirndl oder auch zum Kleid. Ein kleines Sch\u00f6\u00dfchen im R\u00fcckenteil geben auch weiten R\u00f6cken die Weite, die sie zum Schwingen brauchen.<\/p>\n","protected":false},"excerpt":{"rendered":"<p>Rosa Strickjacke aus 100% Schurwolle, die Kante und die Eingrifftaschen sind mit gr\u00fcner Wolle fein umh\u00e4kelt und machen dieses Teil perfekt kombinierbar zum Dirndl&#8230;<\/p>\n","protected":false},"featured_media":331479,"template":"","meta":{"_acf_changed":false},"product_brand":[],"product_cat":[48,53],"product_tag":[2517],"class_list":{"0":"post-331407","1":"product","2":"type-product","3":"status-publish","4":"has-post-thumbnail","6":"pricegroup-232","7":"pricegroup-202","8":"productgroup-233","9":"productgroup-204","10":"product_cat-damentracht","11":"product_cat-strick-walk","12":"product_tag-strickjacke-capri","13":"pa_farbe-mehrfarbig","14":"pa_farbe-rosa","15":"pa_farbe-grau","17":"first","18":"instock","19":"taxable","20":"shipping-taxable","21":"purchasable","22":"product-type-variable","23":"has-default-attributes"},"acf":[],"jetpack_sharing_enabled":true,"_links":{"self":[{"href":"https:\/\/www.salzburgerheimatwerk.at\/en\/wp-json\/wp\/v2\/product\/331407","targetHints":{"allow":["GET"]}}],"collection":[{"href":"https:\/\/www.salzburgerheimatwerk.at\/en\/wp-json\/wp\/v2\/product"}],"about":[{"href":"https:\/\/www.salzburgerheimatwerk.at\/en\/wp-json\/wp\/v2\/types\/product"}],"wp:featuredmedia":[{"embeddable":true,"href":"https:\/\/www.salzburgerheimatwerk.at\/en\/wp-json\/wp\/v2\/media\/331479"}],"wp:attachment":[{"href":"https:\/\/www.salzburgerheimatwerk.at\/en\/wp-json\/wp\/v2\/media?parent=331407"}],"wp:term":[{"taxonomy":"product_brand","embeddable":true,"href":"https:\/\/www.salzburgerheimatwerk.at\/en\/wp-json\/wp\/v2\/product_brand?post=331407"},{"taxonomy":"product_cat","embeddable":true,"href":"https:\/\/www.salzburgerheimatwerk.at\/en\/wp-json\/wp\/v2\/product_cat?post=331407"},{"taxonomy":"product_tag","embeddable":true,"href":"https:\/\/www.salzburgerheimatwerk.at\/en\/wp-json\/wp\/v2\/product_tag?post=331407"}],"curies":[{"name":"wp","href":"https:\/\/api.w.org\/{rel}","templated":true}]}}