{"id":331497,"date":"2025-02-16T07:16:06","date_gmt":"2025-02-16T06:16:06","guid":{"rendered":"https:\/\/www.salzburgerheimatwerk.at\/produkt\/damenbluse-mit-paisley-muster\/"},"modified":"2026-04-28T20:25:10","modified_gmt":"2026-04-28T18:25:10","slug":"damenbluse-mit-paisley-muster","status":"publish","type":"product","link":"https:\/\/www.salzburgerheimatwerk.at\/en\/produkt\/damenbluse-mit-paisley-muster\/","title":{"rendered":"Damenbluse mit Paisley Muster"},"content":{"rendered":"<p>Bluse aus Baumwollsatin &#8211; diese schmal geschnittene Bluse passt perfekt zu R\u00f6cken und Hosen. Das Paisley-Muster in verschiedenen rosa T\u00f6nen l\u00e4sst sich perfekt kombinieren!<\/p>\n","protected":false},"excerpt":{"rendered":"<p>Bluse aus Baumwollsatin &#8211; diese schmal geschnittene Bluse passt perfekt zu R\u00f6cken und Hosen. Das Paisley-Muster in verschiedenen rosa T\u00f6nen l\u00e4sst sich perfekt&#8230;<\/p>\n","protected":false},"featured_media":331510,"template":"","meta":{"_acf_changed":false},"product_brand":[],"product_cat":[48,52],"product_tag":[258],"class_list":{"0":"post-331497","1":"product","2":"type-product","3":"status-publish","4":"has-post-thumbnail","6":"pricegroup-202","7":"pricegroup-256","8":"productgroup-257","9":"productgroup-204","10":"product_cat-damentracht","11":"product_cat-blusen-shirts","12":"product_tag-damenbluse","13":"pa_farbe-mehrfarbig","14":"pa_farbe-rosa","16":"first","17":"instock","18":"taxable","19":"shipping-taxable","20":"purchasable","21":"product-type-variable","22":"has-default-attributes"},"acf":[],"jetpack_sharing_enabled":true,"_links":{"self":[{"href":"https:\/\/www.salzburgerheimatwerk.at\/en\/wp-json\/wp\/v2\/product\/331497","targetHints":{"allow":["GET"]}}],"collection":[{"href":"https:\/\/www.salzburgerheimatwerk.at\/en\/wp-json\/wp\/v2\/product"}],"about":[{"href":"https:\/\/www.salzburgerheimatwerk.at\/en\/wp-json\/wp\/v2\/types\/product"}],"wp:featuredmedia":[{"embeddable":true,"href":"https:\/\/www.salzburgerheimatwerk.at\/en\/wp-json\/wp\/v2\/media\/331510"}],"wp:attachment":[{"href":"https:\/\/www.salzburgerheimatwerk.at\/en\/wp-json\/wp\/v2\/media?parent=331497"}],"wp:term":[{"taxonomy":"product_brand","embeddable":true,"href":"https:\/\/www.salzburgerheimatwerk.at\/en\/wp-json\/wp\/v2\/product_brand?post=331497"},{"taxonomy":"product_cat","embeddable":true,"href":"https:\/\/www.salzburgerheimatwerk.at\/en\/wp-json\/wp\/v2\/product_cat?post=331497"},{"taxonomy":"product_tag","embeddable":true,"href":"https:\/\/www.salzburgerheimatwerk.at\/en\/wp-json\/wp\/v2\/product_tag?post=331497"}],"curies":[{"name":"wp","href":"https:\/\/api.w.org\/{rel}","templated":true}]}}