{"id":334223,"date":"2025-02-27T07:16:04","date_gmt":"2025-02-27T06:16:04","guid":{"rendered":"https:\/\/www.salzburgerheimatwerk.at\/produkt\/damenrock\/"},"modified":"2026-04-28T20:27:12","modified_gmt":"2026-04-28T18:27:12","slug":"damenrock","status":"publish","type":"product","link":"https:\/\/www.salzburgerheimatwerk.at\/en\/produkt\/damenrock\/","title":{"rendered":"Damenrock"},"content":{"rendered":"<p>Tradition neu interpretiert: diese sommerliche Rock schwingt bis zur Wade in frischen Farben von Rosa \u00fcber Pink bis Orange. Der Formbund und die Bindeb\u00e4nder f\u00fcr die Schleife sorgen f\u00fcr optimalen Sitz und eine feminine Silhouette. Aus 100% OEKO-TEX zertifizierter Baumwolle. Diese wurde umweltschonend und wassersparend in Deutschland bedruckt \u2013 f\u00fcr ein nachhaltig gutes Tragegef\u00fchl.<\/p>\n","protected":false},"excerpt":{"rendered":"<p>Tradition neu interpretiert: diese sommerliche Rock schwingt bis zur Wade in frischen Farben von Rosa \u00fcber Pink bis Orange. Der Formbund und die Bindeb\u00e4nder&#8230;<\/p>\n","protected":false},"featured_media":343873,"template":"","meta":{"_acf_changed":false},"product_brand":[],"product_cat":[48,50],"product_tag":[2536],"class_list":{"0":"post-334223","1":"product","2":"type-product","3":"status-publish","4":"has-post-thumbnail","6":"pricegroup-289","7":"pricegroup-202","8":"productgroup-290","9":"productgroup-204","10":"product_cat-damentracht","11":"product_cat-roecke-hosen","12":"product_tag-damenrock-pink","13":"pa_farbe-rosa","14":"pa_farbe-orange","15":"pa_farbe-pink","16":"pa_farbe-mehrfarbig","18":"first","19":"instock","20":"taxable","21":"shipping-taxable","22":"purchasable","23":"product-type-variable","24":"has-default-attributes"},"acf":[],"jetpack_sharing_enabled":true,"_links":{"self":[{"href":"https:\/\/www.salzburgerheimatwerk.at\/en\/wp-json\/wp\/v2\/product\/334223","targetHints":{"allow":["GET"]}}],"collection":[{"href":"https:\/\/www.salzburgerheimatwerk.at\/en\/wp-json\/wp\/v2\/product"}],"about":[{"href":"https:\/\/www.salzburgerheimatwerk.at\/en\/wp-json\/wp\/v2\/types\/product"}],"wp:featuredmedia":[{"embeddable":true,"href":"https:\/\/www.salzburgerheimatwerk.at\/en\/wp-json\/wp\/v2\/media\/343873"}],"wp:attachment":[{"href":"https:\/\/www.salzburgerheimatwerk.at\/en\/wp-json\/wp\/v2\/media?parent=334223"}],"wp:term":[{"taxonomy":"product_brand","embeddable":true,"href":"https:\/\/www.salzburgerheimatwerk.at\/en\/wp-json\/wp\/v2\/product_brand?post=334223"},{"taxonomy":"product_cat","embeddable":true,"href":"https:\/\/www.salzburgerheimatwerk.at\/en\/wp-json\/wp\/v2\/product_cat?post=334223"},{"taxonomy":"product_tag","embeddable":true,"href":"https:\/\/www.salzburgerheimatwerk.at\/en\/wp-json\/wp\/v2\/product_tag?post=334223"}],"curies":[{"name":"wp","href":"https:\/\/api.w.org\/{rel}","templated":true}]}}