{"id":334454,"date":"2025-03-21T07:16:02","date_gmt":"2025-03-21T06:16:02","guid":{"rendered":"https:\/\/www.salzburgerheimatwerk.at\/produkt\/damenrock-2\/"},"modified":"2026-04-28T20:27:10","modified_gmt":"2026-04-28T18:27:10","slug":"damenrock-2","status":"publish","type":"product","link":"https:\/\/www.salzburgerheimatwerk.at\/en\/produkt\/damenrock-2\/","title":{"rendered":"Damenrock"},"content":{"rendered":"<p>Der perfekte Begleiter f\u00fcr sch\u00f6ne Sommertage und laue Abende! Dieser Leinenrock ist in Bahnen geschnitten und schwingt bei jedem Schritt mit. Der Rock ist aus reinem Leinen &#8211; druch das mel\u00e9 Garn l\u00e4sst er sich perfekt kombinieren. Zippverschlu\u00df in der Seitennaht, eine festliche Schleife zum Binden &#8211; L\u00e4nge ca. 90cm<\/p>\n","protected":false},"excerpt":{"rendered":"<p>Der perfekte Begleiter f\u00fcr sch\u00f6ne Sommertage und laue Abende! Dieser Leinenrock ist in Bahnen geschnitten und schwingt bei jedem Schritt mit. Der Rock ist&#8230;<\/p>\n","protected":false},"featured_media":334599,"template":"","meta":{"_acf_changed":false},"product_brand":[],"product_cat":[1220,48,50],"product_tag":[1922],"class_list":{"0":"post-334454","1":"product","2":"type-product","3":"status-publish","4":"has-post-thumbnail","6":"pricegroup-289","7":"pricegroup-202","8":"productgroup-290","9":"productgroup-204","10":"product_cat-sale","11":"product_cat-damentracht","12":"product_cat-roecke-hosen","13":"product_tag-damenrock","14":"pa_farbe-gruen","16":"first","17":"instock","18":"sale","19":"taxable","20":"shipping-taxable","21":"purchasable","22":"product-type-variable","23":"has-default-attributes"},"acf":[],"jetpack_sharing_enabled":true,"_links":{"self":[{"href":"https:\/\/www.salzburgerheimatwerk.at\/en\/wp-json\/wp\/v2\/product\/334454","targetHints":{"allow":["GET"]}}],"collection":[{"href":"https:\/\/www.salzburgerheimatwerk.at\/en\/wp-json\/wp\/v2\/product"}],"about":[{"href":"https:\/\/www.salzburgerheimatwerk.at\/en\/wp-json\/wp\/v2\/types\/product"}],"wp:featuredmedia":[{"embeddable":true,"href":"https:\/\/www.salzburgerheimatwerk.at\/en\/wp-json\/wp\/v2\/media\/334599"}],"wp:attachment":[{"href":"https:\/\/www.salzburgerheimatwerk.at\/en\/wp-json\/wp\/v2\/media?parent=334454"}],"wp:term":[{"taxonomy":"product_brand","embeddable":true,"href":"https:\/\/www.salzburgerheimatwerk.at\/en\/wp-json\/wp\/v2\/product_brand?post=334454"},{"taxonomy":"product_cat","embeddable":true,"href":"https:\/\/www.salzburgerheimatwerk.at\/en\/wp-json\/wp\/v2\/product_cat?post=334454"},{"taxonomy":"product_tag","embeddable":true,"href":"https:\/\/www.salzburgerheimatwerk.at\/en\/wp-json\/wp\/v2\/product_tag?post=334454"}],"curies":[{"name":"wp","href":"https:\/\/api.w.org\/{rel}","templated":true}]}}